{"id":2217,"date":"2025-12-30T10:03:29","date_gmt":"2025-12-30T10:03:29","guid":{"rendered":"https:\/\/forestgreen-mule-900612.hostingersite.com\/where-we-work\/"},"modified":"2026-01-19T20:24:58","modified_gmt":"2026-01-19T20:24:58","slug":"ou-nous-intervenons","status":"publish","type":"page","link":"https:\/\/ala-wda.org\/fr\/ou-nous-intervenons\/","title":{"rendered":"O\u00f9 nous intervenons"},"content":{"rendered":"\t\t<div data-elementor-type=\"wp-page\" data-elementor-id=\"2217\" class=\"elementor elementor-2217 elementor-379\" data-elementor-post-type=\"page\">\n\t\t\t\t\t\t<section data-dce-background-overlay-image-url=\"https:\/\/ala-wda.org\/wp-content\/uploads\/2026\/01\/banner.webp\" class=\"elementor-section elementor-top-section elementor-element elementor-element-3080c9c elementor-section-boxed elementor-section-height-default elementor-section-height-default\" data-id=\"3080c9c\" data-element_type=\"section\" data-settings=\"{&quot;background_background&quot;:&quot;classic&quot;,&quot;ekit_has_onepagescroll_dot&quot;:&quot;yes&quot;}\">\n\t\t\t\t\t\t\t<div class=\"elementor-background-overlay\"><\/div>\n\t\t\t\t\t\t\t<div class=\"elementor-container elementor-column-gap-default\">\n\t\t\t\t\t<div class=\"elementor-column elementor-col-100 elementor-top-column elementor-element elementor-element-a8f9238\" data-id=\"a8f9238\" data-element_type=\"column\">\n\t\t\t<div class=\"elementor-widget-wrap elementor-element-populated\">\n\t\t\t\t\t\t<div class=\"elementor-element elementor-element-d3f7609 elementor-widget elementor-widget-heading\" data-id=\"d3f7609\" data-element_type=\"widget\" data-settings=\"{&quot;ekit_we_effect_on&quot;:&quot;none&quot;}\" data-widget_type=\"heading.default\">\n\t\t\t\t\t<h1 class=\"elementor-heading-title elementor-size-default\">O\u00f9 nous intervenons<\/h1>\t\t\t\t<\/div>\n\t\t\t\t<div class=\"elementor-element elementor-element-4169be7 elementor-widget__width-auto elementor-widget elementor-widget-dce-breadcrumbs\" data-id=\"4169be7\" data-element_type=\"widget\" data-settings=\"{&quot;ekit_we_effect_on&quot;:&quot;none&quot;}\" data-widget_type=\"dce-breadcrumbs.default\">\n\t\t\t\t<div class=\"elementor-widget-container\">\n\t\t\t\t\t<ul><li class=\"item-home\"><a class=\"bread-link bread-home\" href=\"https:\/\/ala-wda.org\/fr\/\" title=\"Accueil\">Accueil<\/a><\/li><li class=\"separator separator-home\"> <span class=\"dce-separator\"> &gt; <\/span> <\/li><li class=\"item-current item-2217\"><span class=\"bread-current bread-2217\"> O\u00f9 nous intervenons<\/span><\/li><\/ul>\t\t\t\t<\/div>\n\t\t\t\t<\/div>\n\t\t\t\t\t<\/div>\n\t\t<\/div>\n\t\t\t\t\t<\/div>\n\t\t<\/section>\n\t\t\t\t<section class=\"elementor-section elementor-top-section elementor-element elementor-element-a64cd62 elementor-section-boxed elementor-section-height-default elementor-section-height-default\" data-id=\"a64cd62\" data-element_type=\"section\" data-settings=\"{&quot;ekit_has_onepagescroll_dot&quot;:&quot;yes&quot;}\">\n\t\t\t\t\t\t<div class=\"elementor-container elementor-column-gap-default\">\n\t\t\t\t\t<div class=\"elementor-column elementor-col-100 elementor-top-column elementor-element elementor-element-5873468\" data-id=\"5873468\" data-element_type=\"column\">\n\t\t\t<div class=\"elementor-widget-wrap elementor-element-populated\">\n\t\t\t\t\t\t<div class=\"elementor-element elementor-element-e0ec805 elementor-widget elementor-widget-heading\" data-id=\"e0ec805\" data-element_type=\"widget\" data-settings=\"{&quot;ekit_we_effect_on&quot;:&quot;none&quot;}\" data-widget_type=\"heading.default\">\n\t\t\t\t\t<h2 class=\"elementor-heading-title elementor-size-default\">Port\u00e9e g\u00e9ographique et zones cibles<\/h2>\t\t\t\t<\/div>\n\t\t\t\t<div class=\"elementor-element elementor-element-4bedd99 elementor-widget elementor-widget-heading\" data-id=\"4bedd99\" data-element_type=\"widget\" data-settings=\"{&quot;ekit_we_effect_on&quot;:&quot;none&quot;}\" data-widget_type=\"heading.default\">\n\t\t\t\t\t<h2 class=\"elementor-heading-title elementor-size-default\">Les \u00e9quipes de terrain de l\u2019Organisation Alawda sont d\u00e9ploy\u00e9es sur deux axes g\u00e9ographiques principaux, caract\u00e9ris\u00e9s par des besoins humanitaires urgents :<\/h2>\t\t\t\t<\/div>\n\t\t\t\t<section class=\"elementor-section elementor-inner-section elementor-element elementor-element-3ec8f94 elementor-section-full_width elementor-section-height-default elementor-section-height-default\" data-id=\"3ec8f94\" data-element_type=\"section\" data-settings=\"{&quot;background_background&quot;:&quot;classic&quot;,&quot;ekit_has_onepagescroll_dot&quot;:&quot;yes&quot;}\">\n\t\t\t\t\t\t<div class=\"elementor-container elementor-column-gap-default\">\n\t\t\t\t\t<div class=\"elementor-column elementor-col-50 elementor-inner-column elementor-element elementor-element-202f472\" data-id=\"202f472\" data-element_type=\"column\" data-settings=\"{&quot;background_background&quot;:&quot;classic&quot;}\">\n\t\t\t<div class=\"elementor-widget-wrap elementor-element-populated\">\n\t\t\t\t\t\t<div class=\"elementor-element elementor-element-98e729e elementor-widget elementor-widget-text-editor\" data-id=\"98e729e\" data-element_type=\"widget\" data-settings=\"{&quot;ekit_we_effect_on&quot;:&quot;none&quot;}\" data-widget_type=\"text-editor.default\">\n\t\t\t\t\t\t\t\t\t<p><strong>Soudan (zones de d\u00e9placement interne) :<\/strong><\/p><p>Nous intervenons directement au sein des camps temporaires et des centres d\u2019h\u00e9bergement accueillant les personnes d\u00e9plac\u00e9es internes en apportant une assistance essentielle aux familles touch\u00e9es par le conflit surtout celles qui viennet du darfour vers les zones s\u00e9curis\u00e9s.<\/p>\t\t\t\t\t\t\t\t<\/div>\n\t\t\t\t<div class=\"elementor-element elementor-element-d5311bb elementor-widget elementor-widget-shortcode\" data-id=\"d5311bb\" data-element_type=\"widget\" data-settings=\"{&quot;ekit_we_effect_on&quot;:&quot;none&quot;}\" data-widget_type=\"shortcode.default\">\n\t\t\t\t\t\t\t<div class=\"elementor-shortcode\"><div class=\"dm-map-wrap dm-dir-ltr\" id=\"dm-map-wrap-23\">\n  <div class=\"dm-map-card\">\n    <div class=\"dm-map-header\">\n              <img decoding=\"async\" class=\"dm-flag\" src=\"https:\/\/flagcdn.com\/40x30\/sd.png\" alt=\"SD\">\n            <div style=\"min-width:0;\">\n        <h3 class=\"dm-map-title\">Camps de d\u00e9plac\u00e9s \u2013 Soudan<\/h3>\n                  <div class=\"dm-map-sub\">SD<\/div>\n              <\/div>\n\n      <div style=\"margin-left:auto\" class=\"dm-map-tools\">\n        <button type=\"button\" class=\"dm-tool-btn dm-reset-view\">\n          <span class=\"dashicons dashicons-image-rotate\"><\/span>\n          R\u00e9initialiser la vue        <\/button>\n      <\/div>\n    <\/div>\n\n    <div class=\"dm-map-container\" aria-label=\"Carte\"><\/div>\n\n    <!-- No attribution text here; Leaflet control is fully controlled by settings -->\n    <div class=\"dm-map-footer\">\n      <span>Marqueurs: 2<\/span>\n      <span>Utilisez la carte pour explorer les emplacements.<\/span>\n    <\/div>\n\n    <script type=\"application\/json\" class=\"dm-map-data\">{\"id\":23,\"title\":\"Camps de d\\u00e9plac\\u00e9s \\u2013 Soudan\",\"country_code\":\"SD\",\"center_lat\":16.341225999999999,\"center_lng\":27.004394999999999,\"zoom_level\":5,\"width\":\"100%\",\"height\":\"400px\",\"show_attribution\":0,\"markers\":[{\"id\":67,\"title\":\"Camp d'Al Dabbah\",\"description\":\"\",\"lat\":18.043987999999999,\"lng\":30.95119,\"icon_url\":\"\",\"color\":\"#e74c3c\",\"marker_shape\":\"pin\",\"marker_country\":\"\",\"show_country_border\":0,\"border_color\":\"#4f46e5\",\"border_weight\":4,\"border_opacity\":0.90000000000000002},{\"id\":68,\"title\":\"Camp de Tawila au Darfour\",\"description\":\"\",\"lat\":13.5237237,\"lng\":24.862545600000001,\"icon_url\":\"\",\"color\":\"#e74c3c\",\"marker_shape\":\"pin\",\"marker_country\":\"\",\"show_country_border\":0,\"border_color\":\"#4f46e5\",\"border_weight\":4,\"border_opacity\":0.90000000000000002}]}<\/script>\n  <\/div>\n<\/div>\n\t\n<\/div>\n\t\t\t\t\t\t<\/div>\n\t\t\t\t\t<\/div>\n\t\t<\/div>\n\t\t\t\t<div class=\"elementor-column elementor-col-50 elementor-inner-column elementor-element elementor-element-ccb0702\" data-id=\"ccb0702\" data-element_type=\"column\" data-settings=\"{&quot;background_background&quot;:&quot;classic&quot;}\">\n\t\t\t<div class=\"elementor-widget-wrap elementor-element-populated\">\n\t\t\t\t\t\t<div class=\"elementor-element elementor-element-5d275af elementor-widget elementor-widget-text-editor\" data-id=\"5d275af\" data-element_type=\"widget\" data-settings=\"{&quot;ekit_we_effect_on&quot;:&quot;none&quot;}\" data-widget_type=\"text-editor.default\">\n\t\t\t\t\t\t\t\t\t<div class=\"flex max-w-full flex-col grow\"><div class=\"min-h-8 text-message relative flex w-full flex-col items-end gap-2 text-start break-words whitespace-normal [.text-message+&amp;]:mt-1\" dir=\"auto\" data-message-author-role=\"assistant\" data-message-id=\"bceffa9a-95cb-4580-9d62-6aa7fe75bf0d\" data-message-model-slug=\"gpt-5-2-thinking\"><div class=\"flex w-full flex-col gap-1 empty:hidden first:pt-[1px]\"><div class=\"markdown prose dark:prose-invert w-full break-words dark markdown-new-styling\"><p><strong>Tchad (zones de d\u00e9placement interne) :<\/strong><\/p><p>Nous intervenons directement au sein des camps temporaires et des centres d\u2019h\u00e9bergement accueillant les personnes d\u00e9plac\u00e9es depuis le soudan en fournissant une assistance et des services essentiels aux familles touch\u00e9es par les conflits et l\u2019instabilit\u00e9.<\/p><\/div><\/div><\/div><\/div>\t\t\t\t\t\t\t\t<\/div>\n\t\t\t\t<div class=\"elementor-element elementor-element-fee12af elementor-widget elementor-widget-shortcode\" data-id=\"fee12af\" data-element_type=\"widget\" data-settings=\"{&quot;ekit_we_effect_on&quot;:&quot;none&quot;}\" data-widget_type=\"shortcode.default\">\n\t\t\t\t\t\t\t<div class=\"elementor-shortcode\"><div class=\"dm-map-wrap dm-dir-ltr\" id=\"dm-map-wrap-22\">\n  <div class=\"dm-map-card\">\n    <div class=\"dm-map-header\">\n              <img decoding=\"async\" class=\"dm-flag\" src=\"https:\/\/flagcdn.com\/40x30\/td.png\" alt=\"TD\">\n            <div style=\"min-width:0;\">\n        <h3 class=\"dm-map-title\">Camps de d\u00e9plac\u00e9s \u2013 Tchad<\/h3>\n                  <div class=\"dm-map-sub\">TD<\/div>\n              <\/div>\n\n      <div style=\"margin-left:auto\" class=\"dm-map-tools\">\n        <button type=\"button\" class=\"dm-tool-btn dm-reset-view\">\n          <span class=\"dashicons dashicons-image-rotate\"><\/span>\n          R\u00e9initialiser la vue        <\/button>\n      <\/div>\n    <\/div>\n\n    <div class=\"dm-map-container\" aria-label=\"Carte\"><\/div>\n\n    <!-- No attribution text here; Leaflet control is fully controlled by settings -->\n    <div class=\"dm-map-footer\">\n      <span>Marqueurs: 2<\/span>\n      <span>Utilisez la carte pour explorer les emplacements.<\/span>\n    <\/div>\n\n    <script type=\"application\/json\" class=\"dm-map-data\">{\"id\":22,\"title\":\"Camps de d\\u00e9plac\\u00e9s \\u2013 Tchad\",\"country_code\":\"TD\",\"center_lat\":13.966568000000001,\"center_lng\":19.314033999999999,\"zoom_level\":5,\"width\":\"100%\",\"height\":\"400px\",\"show_attribution\":0,\"markers\":[{\"id\":78,\"title\":\"Camp de Karyari \\u2013 Our\\u00e9 Gassoni\",\"description\":\"\",\"lat\":15.702852,\"lng\":23.050695000000001,\"icon_url\":\"\",\"color\":\"#e74c3c\",\"marker_shape\":\"pin\",\"marker_country\":\"\",\"show_country_border\":1,\"border_color\":\"#e74c3c\",\"border_weight\":4,\"border_opacity\":0.90000000000000002},{\"id\":79,\"title\":\"Camp d'Iridimi\",\"description\":\"\",\"lat\":15.122548500000001,\"lng\":22.1297593,\"icon_url\":\"\",\"color\":\"#e74c3c\",\"marker_shape\":\"pin\",\"marker_country\":\"\",\"show_country_border\":0,\"border_color\":\"#4f46e5\",\"border_weight\":4,\"border_opacity\":0.90000000000000002}]}<\/script>\n  <\/div>\n<\/div>\n\t\n<\/div>\n\t\t\t\t\t\t<\/div>\n\t\t\t\t\t<\/div>\n\t\t<\/div>\n\t\t\t\t\t<\/div>\n\t\t<\/section>\n\t\t\t\t<div class=\"elementor-element elementor-element-783a8c0 elementor-widget elementor-widget-heading\" data-id=\"783a8c0\" data-element_type=\"widget\" data-settings=\"{&quot;ekit_we_effect_on&quot;:&quot;none&quot;}\" data-widget_type=\"heading.default\">\n\t\t\t\t\t<h2 class=\"elementor-heading-title elementor-size-default\">Cette double pr\u00e9sence nous permet de couvrir l\u2019ensemble du cycle de d\u00e9placement, depuis les zones de conflit \u00e0 haut risque jusqu\u2019aux zones de s\u00e9curit\u00e9.<\/h2>\t\t\t\t<\/div>\n\t\t\t\t\t<\/div>\n\t\t<\/div>\n\t\t\t\t\t<\/div>\n\t\t<\/section>\n\t\t\t\t<\/div>\n\t\t","protected":false},"excerpt":{"rendered":"<p>Accueil &gt; O\u00f9 nous intervenons Port\u00e9e g\u00e9ographique et zones cibles Les \u00e9quipes de terrain de l\u2019Organisation Alawda sont d\u00e9ploy\u00e9es sur deux axes g\u00e9ographiques principaux, caract\u00e9ris\u00e9s par des besoins humanitaires urgents : Soudan (zones de d\u00e9placement interne) : Nous intervenons directement au sein des camps temporaires et des centres d\u2019h\u00e9bergement accueillant les personnes d\u00e9plac\u00e9es internes en [&hellip;]<\/p>\n","protected":false},"author":1,"featured_media":0,"parent":0,"menu_order":0,"comment_status":"closed","ping_status":"closed","template":"","meta":{"_acf_changed":false,"footnotes":""},"class_list":["post-2217","page","type-page","status-publish","hentry"],"acf":[],"_links":{"self":[{"href":"https:\/\/ala-wda.org\/fr\/wp-json\/wp\/v2\/pages\/2217","targetHints":{"allow":["GET"]}}],"collection":[{"href":"https:\/\/ala-wda.org\/fr\/wp-json\/wp\/v2\/pages"}],"about":[{"href":"https:\/\/ala-wda.org\/fr\/wp-json\/wp\/v2\/types\/page"}],"author":[{"embeddable":true,"href":"https:\/\/ala-wda.org\/fr\/wp-json\/wp\/v2\/users\/1"}],"replies":[{"embeddable":true,"href":"https:\/\/ala-wda.org\/fr\/wp-json\/wp\/v2\/comments?post=2217"}],"version-history":[{"count":16,"href":"https:\/\/ala-wda.org\/fr\/wp-json\/wp\/v2\/pages\/2217\/revisions"}],"predecessor-version":[{"id":2615,"href":"https:\/\/ala-wda.org\/fr\/wp-json\/wp\/v2\/pages\/2217\/revisions\/2615"}],"wp:attachment":[{"href":"https:\/\/ala-wda.org\/fr\/wp-json\/wp\/v2\/media?parent=2217"}],"curies":[{"name":"wp","href":"https:\/\/api.w.org\/{rel}","templated":true}]}}