{"id":2194,"date":"2026-01-15T05:41:59","date_gmt":"2026-01-15T05:41:59","guid":{"rendered":"https:\/\/forestgreen-mule-900612.hostingersite.com\/general-terms-of-use\/"},"modified":"2026-01-17T11:22:40","modified_gmt":"2026-01-17T11:22:40","slug":"conditions-generales-dutilisation","status":"publish","type":"page","link":"https:\/\/ala-wda.org\/fr\/conditions-generales-dutilisation\/","title":{"rendered":"Conditions g\u00e9n\u00e9rales d\u2019utilisation"},"content":{"rendered":"\t\t<div data-elementor-type=\"wp-page\" data-elementor-id=\"2194\" class=\"elementor elementor-2194 elementor-1530\" data-elementor-post-type=\"page\">\n\t\t\t\t\t\t<section data-dce-background-overlay-image-url=\"https:\/\/ala-wda.org\/wp-content\/uploads\/2026\/01\/banner.webp\" class=\"elementor-section elementor-top-section elementor-element elementor-element-02e2bb8 elementor-section-boxed elementor-section-height-default elementor-section-height-default\" data-id=\"02e2bb8\" data-element_type=\"section\" data-settings=\"{&quot;background_background&quot;:&quot;classic&quot;,&quot;ekit_has_onepagescroll_dot&quot;:&quot;yes&quot;}\">\n\t\t\t\t\t\t\t<div class=\"elementor-background-overlay\"><\/div>\n\t\t\t\t\t\t\t<div class=\"elementor-container elementor-column-gap-default\">\n\t\t\t\t\t<div class=\"elementor-column elementor-col-100 elementor-top-column elementor-element elementor-element-e9053b3\" data-id=\"e9053b3\" data-element_type=\"column\">\n\t\t\t<div class=\"elementor-widget-wrap elementor-element-populated\">\n\t\t\t\t\t\t<div class=\"elementor-element elementor-element-0487571 elementor-widget elementor-widget-heading\" data-id=\"0487571\" data-element_type=\"widget\" data-settings=\"{&quot;ekit_we_effect_on&quot;:&quot;none&quot;}\" data-widget_type=\"heading.default\">\n\t\t\t\t\t<h2 class=\"elementor-heading-title elementor-size-default\">Conditions g\u00e9n\u00e9rales d\u2019utilisation<\/h2>\t\t\t\t<\/div>\n\t\t\t\t<div class=\"elementor-element elementor-element-4c8d8a4 elementor-widget__width-auto elementor-widget elementor-widget-dce-breadcrumbs\" data-id=\"4c8d8a4\" data-element_type=\"widget\" data-settings=\"{&quot;ekit_we_effect_on&quot;:&quot;none&quot;}\" data-widget_type=\"dce-breadcrumbs.default\">\n\t\t\t\t<div class=\"elementor-widget-container\">\n\t\t\t\t\t<ul><li class=\"item-home\"><a class=\"bread-link bread-home\" href=\"https:\/\/ala-wda.org\/fr\/\" title=\"Home\">Home<\/a><\/li><li class=\"separator separator-home\"> <span class=\"dce-separator\"> &gt; <\/span> <\/li><li class=\"item-current item-2194\"><span class=\"bread-current bread-2194\"> Conditions g\u00e9n\u00e9rales d\u2019utilisation<\/span><\/li><\/ul>\t\t\t\t<\/div>\n\t\t\t\t<\/div>\n\t\t\t\t\t<\/div>\n\t\t<\/div>\n\t\t\t\t\t<\/div>\n\t\t<\/section>\n\t\t\t\t<section class=\"elementor-section elementor-top-section elementor-element elementor-element-903ca5d elementor-section-boxed elementor-section-height-default elementor-section-height-default\" data-id=\"903ca5d\" data-element_type=\"section\" data-settings=\"{&quot;background_background&quot;:&quot;classic&quot;,&quot;ekit_has_onepagescroll_dot&quot;:&quot;yes&quot;}\">\n\t\t\t\t\t\t<div class=\"elementor-container elementor-column-gap-default\">\n\t\t\t\t\t<div class=\"elementor-column elementor-col-100 elementor-top-column elementor-element elementor-element-12b6a38\" data-id=\"12b6a38\" data-element_type=\"column\">\n\t\t\t<div class=\"elementor-widget-wrap elementor-element-populated\">\n\t\t\t\t\t\t<div class=\"elementor-element elementor-element-3250a16 elementor-widget elementor-widget-heading\" data-id=\"3250a16\" data-element_type=\"widget\" data-settings=\"{&quot;ekit_we_effect_on&quot;:&quot;none&quot;}\" data-widget_type=\"heading.default\">\n\t\t\t\t\t<h2 class=\"elementor-heading-title elementor-size-default\">\u00c0 propos \u2013 Organisation Alawda<\/h2>\t\t\t\t<\/div>\n\t\t\t\t<div class=\"elementor-element elementor-element-2c6dc41 elementor-widget elementor-widget-text-editor\" data-id=\"2c6dc41\" data-element_type=\"widget\" data-settings=\"{&quot;ekit_we_effect_on&quot;:&quot;none&quot;}\" data-widget_type=\"text-editor.default\">\n\t\t\t\t\t\t\t\t\t<p data-start=\"0\" data-end=\"38\"><strong data-start=\"0\" data-end=\"38\">CONDITIONS G\u00c9N\u00c9RALES D\u2019UTILISATION<\/strong><\/p><p data-start=\"40\" data-end=\"63\"><strong data-start=\"40\" data-end=\"63\">ALAWDA ORGANISATION<\/strong><\/p><hr data-start=\"65\" data-end=\"68\" \/><h3 data-start=\"70\" data-end=\"99\">1. Pr\u00e9sentation du site<\/h3><p data-start=\"100\" data-end=\"287\">Le pr\u00e9sent site est \u00e9dit\u00e9 par <strong data-start=\"130\" data-end=\"153\">ALAWDA ORGANISATION<\/strong>, enregistr\u00e9e en France sous le num\u00e9ro <strong data-start=\"192\" data-end=\"206\">W691112297<\/strong>, \u0153uvrant dans les domaines de l\u2019aide humanitaire, de la sant\u00e9 et de l\u2019\u00e9ducation.<\/p><hr data-start=\"289\" data-end=\"292\" \/><h3 data-start=\"294\" data-end=\"308\">2. Objet<\/h3><p data-start=\"309\" data-end=\"473\">Les pr\u00e9sentes Conditions G\u00e9n\u00e9rales d\u2019Utilisation (CGU) ont pour objet de d\u00e9finir les modalit\u00e9s d\u2019acc\u00e8s et d\u2019utilisation du site internet de <strong data-start=\"449\" data-end=\"472\">ALAWDA ORGANISATION<\/strong>.<\/p><p data-start=\"475\" data-end=\"596\">En naviguant sur ce site, l\u2019utilisateur reconna\u00eet avoir pris connaissance des pr\u00e9sentes CGU et les accepter sans r\u00e9serve.<\/p><hr data-start=\"598\" data-end=\"601\" \/><h3 data-start=\"603\" data-end=\"625\">3. Acc\u00e8s au site<\/h3><p data-start=\"626\" data-end=\"713\">Le site est accessible gratuitement \u00e0 tout utilisateur disposant d\u2019un acc\u00e8s \u00e0 internet.<\/p><p data-start=\"715\" data-end=\"869\"><strong data-start=\"715\" data-end=\"738\">ALAWDA ORGANISATION<\/strong> se r\u00e9serve le droit de suspendre, interrompre ou limiter l\u2019acc\u00e8s au site \u00e0 tout moment, notamment pour des raisons de maintenance.<\/p><hr data-start=\"871\" data-end=\"874\" \/><h3 data-start=\"876\" data-end=\"889\">4. Dons<\/h3><p data-start=\"890\" data-end=\"1019\"><strong data-start=\"890\" data-end=\"913\">Alawda Organisation<\/strong> accepte les dons en ligne via son site internet, ses r\u00e9seaux sociaux et d\u2019autres plateformes de collecte.<\/p><h4 data-start=\"1021\" data-end=\"1043\">Nature des dons<\/h4><p data-start=\"1044\" data-end=\"1061\">Les dons sont :<\/p><ul data-start=\"1062\" data-end=\"1231\"><li data-start=\"1062\" data-end=\"1100\"><p data-start=\"1064\" data-end=\"1100\">librement consentis et volontaires<\/p><\/li><li data-start=\"1101\" data-end=\"1132\"><p data-start=\"1103\" data-end=\"1132\">effectu\u00e9s sans contrepartie<\/p><\/li><li data-start=\"1133\" data-end=\"1231\"><p data-start=\"1135\" data-end=\"1231\">destin\u00e9s au financement des activit\u00e9s humanitaires, sanitaires et \u00e9ducatives de l\u2019organisation<\/p><\/li><\/ul><h4 data-start=\"1233\" data-end=\"1261\">Utilisation des fonds<\/h4><p data-start=\"1262\" data-end=\"1304\">Les fonds collect\u00e9s sont utilis\u00e9s pour :<\/p><ul data-start=\"1305\" data-end=\"1533\"><li data-start=\"1305\" data-end=\"1349\"><p data-start=\"1307\" data-end=\"1349\">la mise en \u0153uvre de projets humanitaires<\/p><\/li><li data-start=\"1350\" data-end=\"1397\"><p data-start=\"1352\" data-end=\"1397\">l\u2019achat d\u2019\u00e9quipements m\u00e9dicaux et \u00e9ducatifs<\/p><\/li><li data-start=\"1398\" data-end=\"1448\"><p data-start=\"1400\" data-end=\"1448\">les actions d\u2019assistance et de sensibilisation<\/p><\/li><li data-start=\"1449\" data-end=\"1533\"><p data-start=\"1451\" data-end=\"1533\">les frais de fonctionnement strictement n\u00e9cessaires \u00e0 la r\u00e9alisation des projets<\/p><\/li><\/ul><p data-start=\"1535\" data-end=\"1619\"><strong data-start=\"1535\" data-end=\"1558\">ALAWDA ORGANISATION<\/strong> s\u2019engage \u00e0 une gestion transparente et responsable des dons.<\/p><h4 data-start=\"1621\" data-end=\"1646\">Moyens de paiement<\/h4><p data-start=\"1647\" data-end=\"1686\">Les dons peuvent \u00eatre effectu\u00e9s par :<\/p><ul data-start=\"1687\" data-end=\"1767\"><li data-start=\"1687\" data-end=\"1705\"><p data-start=\"1689\" data-end=\"1705\">carte bancaire<\/p><\/li><li data-start=\"1706\" data-end=\"1727\"><p data-start=\"1708\" data-end=\"1727\">virement bancaire<\/p><\/li><li data-start=\"1728\" data-end=\"1767\"><p data-start=\"1730\" data-end=\"1767\">plateformes de paiement partenaires<\/p><\/li><\/ul><p data-start=\"1769\" data-end=\"1835\">Les transactions sont s\u00e9curis\u00e9es par les prestataires de paiement.<\/p><h4 data-start=\"1837\" data-end=\"1862\">Re\u00e7us et fiscalit\u00e9<\/h4><p data-start=\"1863\" data-end=\"1923\">\u00c0 ce jour, il n\u2019est pas possible de d\u00e9livrer un re\u00e7u de don.<\/p><h4 data-start=\"1925\" data-end=\"1953\">Droit de r\u00e9tractation<\/h4><p data-start=\"1954\" data-end=\"2154\">Conform\u00e9ment \u00e0 la loi, les dons effectu\u00e9s au profit d\u2019une organisation sont d\u00e9finitifs et ne donnent pas lieu \u00e0 un droit de r\u00e9tractation, sauf en cas d\u2019erreur manifeste ou de probl\u00e8me technique av\u00e9r\u00e9.<\/p><hr data-start=\"2156\" data-end=\"2159\" \/><h3 data-start=\"2161\" data-end=\"2184\">5. Responsabilit\u00e9<\/h3><p data-start=\"2185\" data-end=\"2246\"><strong data-start=\"2185\" data-end=\"2208\">ALAWDA ORGANISATION<\/strong> ne saurait \u00eatre tenue responsable :<\/p><ul data-start=\"2247\" data-end=\"2390\"><li data-start=\"2247\" data-end=\"2276\"><p data-start=\"2249\" data-end=\"2276\">des interruptions du site<\/p><\/li><li data-start=\"2277\" data-end=\"2323\"><p data-start=\"2279\" data-end=\"2323\">des erreurs ou omissions dans les contenus<\/p><\/li><li data-start=\"2324\" data-end=\"2390\"><p data-start=\"2326\" data-end=\"2390\">de tout dommage direct ou indirect li\u00e9 \u00e0 l\u2019utilisation du site<\/p><\/li><\/ul><hr data-start=\"2392\" data-end=\"2395\" \/><h3 data-start=\"2397\" data-end=\"2430\">6. Propri\u00e9t\u00e9 intellectuelle<\/h3><p data-start=\"2431\" data-end=\"2589\">L\u2019ensemble des contenus pr\u00e9sents sur ce site (textes, images, logos, documents) est la propri\u00e9t\u00e9 exclusive de <strong data-start=\"2541\" data-end=\"2564\">ALAWDA ORGANISATION<\/strong>, sauf mention contraire.<\/p><p data-start=\"2591\" data-end=\"2717\">Toute reproduction, repr\u00e9sentation ou diffusion, m\u00eame partielle, sans autorisation \u00e9crite pr\u00e9alable est strictement interdite.<\/p><hr data-start=\"2719\" data-end=\"2722\" \/><h3 data-start=\"2724\" data-end=\"2753\">7. Donn\u00e9es personnelles<\/h3><p data-start=\"2754\" data-end=\"2866\"><strong data-start=\"2754\" data-end=\"2777\">ALAWDA ORGANISATION<\/strong> s\u2019engage \u00e0 respecter la confidentialit\u00e9 des donn\u00e9es personnelles collect\u00e9es via le site.<\/p><p data-start=\"2868\" data-end=\"2999\">Les informations recueillies sont utilis\u00e9es uniquement dans le cadre des activit\u00e9s de l\u2019organisation (contact, partenariats, dons).<\/p><p data-start=\"3001\" data-end=\"3145\">Conform\u00e9ment \u00e0 la r\u00e9glementation en vigueur, les utilisateurs disposent d\u2019un droit d\u2019acc\u00e8s, de rectification et de suppression de leurs donn\u00e9es.<\/p><hr data-start=\"3147\" data-end=\"3150\" \/><h3 data-start=\"3152\" data-end=\"3175\">8. Liens externes<\/h3><p data-start=\"3176\" data-end=\"3345\">Le site peut contenir des liens vers des sites tiers.<br data-start=\"3229\" data-end=\"3232\" \/><strong data-start=\"3232\" data-end=\"3255\">ALAWDA ORGANISATION<\/strong> d\u00e9cline toute responsabilit\u00e9 quant au contenu ou au fonctionnement de ces sites externes.<\/p><hr data-start=\"3347\" data-end=\"3350\" \/><h3 data-start=\"3352\" data-end=\"3388\">9. Modification des conditions<\/h3><p data-start=\"3389\" data-end=\"3557\"><strong data-start=\"3389\" data-end=\"3412\">ALAWDA ORGANISATION<\/strong> se r\u00e9serve le droit de modifier les pr\u00e9sentes CGU \u00e0 tout moment.<br data-start=\"3477\" data-end=\"3480\" \/>Les nouvelles conditions entrent en vigueur d\u00e8s leur publication sur le site.<\/p><hr data-start=\"3559\" data-end=\"3562\" \/><h3 data-start=\"3564\" data-end=\"3590\">10. Droit applicable<\/h3><p data-start=\"3591\" data-end=\"3674\">Les pr\u00e9sentes Conditions G\u00e9n\u00e9rales d\u2019Utilisation sont r\u00e9gies par le droit fran\u00e7ais.<\/p><p data-start=\"3676\" data-end=\"3761\" data-is-last-node=\"\" data-is-only-node=\"\">En cas de litige, une solution amiable sera recherch\u00e9e avant toute action judiciaire.<\/p>\t\t\t\t\t\t\t\t<\/div>\n\t\t\t\t\t<\/div>\n\t\t<\/div>\n\t\t\t\t\t<\/div>\n\t\t<\/section>\n\t\t\t\t<\/div>\n\t\t","protected":false},"excerpt":{"rendered":"<p>Home &gt; Conditions g\u00e9n\u00e9rales d\u2019utilisation \u00c0 propos \u2013 Organisation Alawda CONDITIONS G\u00c9N\u00c9RALES D\u2019UTILISATION ALAWDA ORGANISATION 1. Pr\u00e9sentation du site Le pr\u00e9sent site est \u00e9dit\u00e9 par ALAWDA ORGANISATION, enregistr\u00e9e en France sous le num\u00e9ro W691112297, \u0153uvrant dans les domaines de l\u2019aide humanitaire, de la sant\u00e9 et de l\u2019\u00e9ducation. 2. Objet Les pr\u00e9sentes Conditions G\u00e9n\u00e9rales d\u2019Utilisation (CGU) [&hellip;]<\/p>\n","protected":false},"author":1,"featured_media":0,"parent":0,"menu_order":0,"comment_status":"closed","ping_status":"closed","template":"","meta":{"_acf_changed":false,"footnotes":""},"class_list":["post-2194","page","type-page","status-publish","hentry"],"acf":[],"_links":{"self":[{"href":"https:\/\/ala-wda.org\/fr\/wp-json\/wp\/v2\/pages\/2194","targetHints":{"allow":["GET"]}}],"collection":[{"href":"https:\/\/ala-wda.org\/fr\/wp-json\/wp\/v2\/pages"}],"about":[{"href":"https:\/\/ala-wda.org\/fr\/wp-json\/wp\/v2\/types\/page"}],"author":[{"embeddable":true,"href":"https:\/\/ala-wda.org\/fr\/wp-json\/wp\/v2\/users\/1"}],"replies":[{"embeddable":true,"href":"https:\/\/ala-wda.org\/fr\/wp-json\/wp\/v2\/comments?post=2194"}],"version-history":[{"count":7,"href":"https:\/\/ala-wda.org\/fr\/wp-json\/wp\/v2\/pages\/2194\/revisions"}],"predecessor-version":[{"id":2201,"href":"https:\/\/ala-wda.org\/fr\/wp-json\/wp\/v2\/pages\/2194\/revisions\/2201"}],"wp:attachment":[{"href":"https:\/\/ala-wda.org\/fr\/wp-json\/wp\/v2\/media?parent=2194"}],"curies":[{"name":"wp","href":"https:\/\/api.w.org\/{rel}","templated":true}]}}