{"id":2183,"date":"2026-01-07T10:49:32","date_gmt":"2026-01-07T10:49:32","guid":{"rendered":"https:\/\/forestgreen-mule-900612.hostingersite.com\/donate-now\/"},"modified":"2026-01-17T10:48:50","modified_gmt":"2026-01-17T10:48:50","slug":"faire-un-don-maintenant","status":"publish","type":"page","link":"https:\/\/ala-wda.org\/fr\/faire-un-don-maintenant\/","title":{"rendered":"Faire un don maintenant"},"content":{"rendered":"\t\t<div data-elementor-type=\"wp-page\" data-elementor-id=\"2183\" class=\"elementor elementor-2183 elementor-736\" data-elementor-post-type=\"page\">\n\t\t\t\t\t\t<section data-dce-background-overlay-image-url=\"https:\/\/ala-wda.org\/wp-content\/uploads\/2026\/01\/banner.webp\" class=\"elementor-section elementor-top-section elementor-element elementor-element-d04d918 elementor-section-boxed elementor-section-height-default elementor-section-height-default\" data-id=\"d04d918\" data-element_type=\"section\" data-settings=\"{&quot;background_background&quot;:&quot;classic&quot;,&quot;ekit_has_onepagescroll_dot&quot;:&quot;yes&quot;}\">\n\t\t\t\t\t\t\t<div class=\"elementor-background-overlay\"><\/div>\n\t\t\t\t\t\t\t<div class=\"elementor-container elementor-column-gap-default\">\n\t\t\t\t\t<div class=\"elementor-column elementor-col-100 elementor-top-column elementor-element elementor-element-3fa56af\" data-id=\"3fa56af\" data-element_type=\"column\">\n\t\t\t<div class=\"elementor-widget-wrap elementor-element-populated\">\n\t\t\t\t\t\t<div class=\"elementor-element elementor-element-141701f elementor-widget elementor-widget-heading\" data-id=\"141701f\" data-element_type=\"widget\" data-settings=\"{&quot;ekit_we_effect_on&quot;:&quot;none&quot;}\" data-widget_type=\"heading.default\">\n\t\t\t\t\t<h1 class=\"elementor-heading-title elementor-size-default\">Faire un don maintenant<\/h1>\t\t\t\t<\/div>\n\t\t\t\t<div class=\"elementor-element elementor-element-957ef77 elementor-widget__width-auto elementor-widget elementor-widget-dce-breadcrumbs\" data-id=\"957ef77\" data-element_type=\"widget\" data-settings=\"{&quot;ekit_we_effect_on&quot;:&quot;none&quot;}\" data-widget_type=\"dce-breadcrumbs.default\">\n\t\t\t\t<div class=\"elementor-widget-container\">\n\t\t\t\t\t<ul><li class=\"item-home\"><a class=\"bread-link bread-home\" href=\"https:\/\/ala-wda.org\/fr\/\" title=\"Accueil\">Accueil<\/a><\/li><li class=\"separator separator-home\"> <span class=\"dce-separator\"> &gt; <\/span> <\/li><li class=\"item-current item-2183\"><span class=\"bread-current bread-2183\"> Faire un don maintenant<\/span><\/li><\/ul>\t\t\t\t<\/div>\n\t\t\t\t<\/div>\n\t\t\t\t\t<\/div>\n\t\t<\/div>\n\t\t\t\t\t<\/div>\n\t\t<\/section>\n\t\t\t\t<section class=\"elementor-section elementor-top-section elementor-element elementor-element-97e915d elementor-section-boxed elementor-section-height-default elementor-section-height-default\" data-id=\"97e915d\" data-element_type=\"section\" data-settings=\"{&quot;ekit_has_onepagescroll_dot&quot;:&quot;yes&quot;}\">\n\t\t\t\t\t\t<div class=\"elementor-container elementor-column-gap-default\">\n\t\t\t\t\t<div class=\"elementor-column elementor-col-100 elementor-top-column elementor-element elementor-element-ae3809a\" data-id=\"ae3809a\" data-element_type=\"column\">\n\t\t\t<div class=\"elementor-widget-wrap elementor-element-populated\">\n\t\t\t\t\t\t<div class=\"elementor-element elementor-element-f8eada1 elementor-widget-mobile__width-inherit elementor-widget elementor-widget-shortcode\" data-id=\"f8eada1\" data-element_type=\"widget\" data-settings=\"{&quot;ekit_we_effect_on&quot;:&quot;none&quot;}\" data-widget_type=\"shortcode.default\">\n\t\t\t\t\t\t\t<div class=\"elementor-shortcode\"><div class=\"odp-wrap ltr\" style=\"--odp-primary: #0A4A76; --odp-secondary: #40A161; --odp-primary-2: #40A161; --odp-accent: #40A161; --odp-hover: #0A4A76; --odp-hover-rgb: 10,74,118; --odp-btn-bg: #40A161; --odp-btn-text: #FFFFFF; --odp-btn-hover-bg: #0A4A76; --odp-btn-hover-text: #FFFFFF; --odp-btn-hover-rgb: 10,74,118; --odp-btn-border-w: 1px; --odp-btn-border-c: #0A4A76; --odp-price-bg: #0A4A76; --odp-price-bg-rgb: 10,74,118; --odp-price-text: #FFFFFF; --odp-price-hover-bg: #40A161; --odp-price-hover-rgb: 64,161,97; --odp-price-hover-text: #FFFFFF; --odp-price-border-w: 1px; --odp-price-border-c: #D1D5DB; --odp-cat-bg: #FFFFFF; --odp-cat-bg-rgb: 255,255,255; --odp-cat-text: #0F172A; --odp-cat-hover-bg: #0A4A76; --odp-cat-hover-bg-rgb: 10,74,118; --odp-cat-hover-text: #FFFFFF; --odp-cat-border-w: 1px; --odp-cat-border-c: #D1D5DB; --odp-pay-bg: #FFFFFF; --odp-pay-bg-rgb: 255,255,255; --odp-pay-text: #0F172A; --odp-pay-hover-bg: #0A4A76; --odp-pay-hover-rgb: 10,74,118; --odp-pay-hover-text: #FFFFFF; --odp-pay-border-w: 1px; --odp-pay-border-c: #D1D5DB;\">\n  <div class=\"odp-header\">\n    <div class=\"odp-brand\" role=\"banner\">\n      <div class=\"odp-logo\" aria-hidden=\"true\"><svg viewBox=\"0 0 24 24\" aria-hidden=\"true\"><path d=\"M12 21s-7.2-4.35-9.6-8.7C.6 8.7 2.4 5.4 6 4.5c2-.5 4.1.2 5.4 1.8C12.7 4.7 14.8 4 16.8 4.5c3.6.9 5.4 4.2 3.6 7.8C19.2 16.65 12 21 12 21z\"\/><\/svg><\/div>\n      <div class=\"odp-brand-text\">\n        <div class=\"odp-title\">Faire un don<\/div>\n                <div class=\"odp-subtitle\">Votre soutien fait la diff\u00e9rence \u2728<\/div>\n      <\/div>\n    <\/div>\n  <\/div>\n\n  <div class=\"odp-progress\" role=\"list\" aria-label=\"\u00c9tapes du don\">\n    <div class=\"odp-progress-item is-active\" data-step=\"1\" role=\"listitem\">\n      <span class=\"odp-progress-ico\" aria-hidden=\"true\"><svg viewBox=\"0 0 24 24\" aria-hidden=\"true\"><path d=\"M12 2C6.5 2 2 4.7 2 8v8c0 3.3 4.5 6 10 6s10-2.7 10-6V8c0-3.3-4.5-6-10-6zm0 2c4.4 0 8 2 8 4s-3.6 4-8 4-8-2-8-4 3.6-4 8-4zm0 16c-4.4 0-8-2-8-4V11c1.8 1.7 5 2.8 8 2.8s6.2-1.1 8-2.8v5c0 2-3.6 4-8 4z\"\/><\/svg><\/span>\n      <span class=\"odp-progress-txt\">Montant<\/span>\n      <span class=\"odp-progress-dot\" aria-hidden=\"true\"><\/span>\n    <\/div>\n    <div class=\"odp-progress-item\" data-step=\"2\" role=\"listitem\">\n      <span class=\"odp-progress-ico\" aria-hidden=\"true\"><svg viewBox=\"0 0 24 24\" aria-hidden=\"true\"><path d=\"M12 12c2.8 0 5-2.2 5-5S14.8 2 12 2 7 4.2 7 7s2.2 5 5 5zm0 2c-4.4 0-8 2.3-8 5v3h16v-3c0-2.7-3.6-5-8-5z\"\/><\/svg><\/span>\n      <span class=\"odp-progress-txt\">D\u00e9tails<\/span>\n      <span class=\"odp-progress-dot\" aria-hidden=\"true\"><\/span>\n    <\/div>\n    <div class=\"odp-progress-item\" data-step=\"3\" role=\"listitem\">\n      <span class=\"odp-progress-ico\" aria-hidden=\"true\"><svg viewBox=\"0 0 24 24\" aria-hidden=\"true\"><path d=\"M20 4H4c-1.1 0-2 .9-2 2v12c0 1.1.9 2 2 2h16c1.1 0 2-.9 2-2V6c0-1.1-.9-2-2-2zm0 4H4V6h16v2zm0 10H4v-6h16v6z\"\/><\/svg><\/span>\n      <span class=\"odp-progress-txt\">Paiement<\/span>\n      <span class=\"odp-progress-dot\" aria-hidden=\"true\"><\/span>\n    <\/div>\n  <\/div>\n\n  <div class=\"odp-steps\">\n    <div class=\"odp-card odp-step\" data-step=\"1\">\n      <div class=\"odp-step-head\">\n        <span class=\"odp-step-badge\" aria-hidden=\"true\">1<\/span>\n        <span>Montant du don<\/span>\n      <\/div>\n\n            <div class=\"odp-tabs\" role=\"tablist\">\n                  <button type=\"button\" class=\"odp-tab is-active\" data-cat=\"permanent\" data-frequency=\"once\">Paiement unique<\/button>\n                  <button type=\"button\" class=\"odp-tab\" data-cat=\"monthly\" data-frequency=\"monthly\">Paiement mensuel<\/button>\n              <\/div>\n\n      <div class=\"odp-amounts\">\n                  <button type=\"button\" class=\"odp-amount\" data-amount=\"5.00\" data-cat=\"monthly\" style=\"display:none;\">\n\n            <span class=\"odp-amount-main\">\n              <span class=\"odp-amount-cur\">\u20ac<\/span>\n              <span class=\"odp-amount-val\">5<\/span>\n            <\/span>\n          <\/button>\n                  <button type=\"button\" class=\"odp-amount\" data-amount=\"10.00\" data-cat=\"monthly\" style=\"display:none;\">\n\n            <span class=\"odp-amount-main\">\n              <span class=\"odp-amount-cur\">\u20ac<\/span>\n              <span class=\"odp-amount-val\">10<\/span>\n            <\/span>\n          <\/button>\n                  <button type=\"button\" class=\"odp-amount\" data-amount=\"20.00\" data-cat=\"monthly\" style=\"display:none;\">\n\n            <span class=\"odp-amount-main\">\n              <span class=\"odp-amount-cur\">\u20ac<\/span>\n              <span class=\"odp-amount-val\">20<\/span>\n            <\/span>\n          <\/button>\n                  <button type=\"button\" class=\"odp-amount\" data-amount=\"40.00\" data-cat=\"monthly\" style=\"display:none;\">\n\n            <span class=\"odp-amount-main\">\n              <span class=\"odp-amount-cur\">\u20ac<\/span>\n              <span class=\"odp-amount-val\">40<\/span>\n            <\/span>\n          <\/button>\n                  <button type=\"button\" class=\"odp-amount\" data-amount=\"10.00\" data-cat=\"permanent\" >\n\n            <span class=\"odp-amount-main\">\n              <span class=\"odp-amount-cur\">\u20ac<\/span>\n              <span class=\"odp-amount-val\">10<\/span>\n            <\/span>\n          <\/button>\n                  <button type=\"button\" class=\"odp-amount\" data-amount=\"25.00\" data-cat=\"permanent\" >\n\n            <span class=\"odp-amount-main\">\n              <span class=\"odp-amount-cur\">\u20ac<\/span>\n              <span class=\"odp-amount-val\">25<\/span>\n            <\/span>\n          <\/button>\n                  <button type=\"button\" class=\"odp-amount\" data-amount=\"50.00\" data-cat=\"permanent\" >\n\n            <span class=\"odp-amount-main\">\n              <span class=\"odp-amount-cur\">\u20ac<\/span>\n              <span class=\"odp-amount-val\">50<\/span>\n            <\/span>\n          <\/button>\n                  <button type=\"button\" class=\"odp-amount\" data-amount=\"100.00\" data-cat=\"permanent\" >\n\n            <span class=\"odp-amount-main\">\n              <span class=\"odp-amount-cur\">\u20ac<\/span>\n              <span class=\"odp-amount-val\">100<\/span>\n            <\/span>\n          <\/button>\n        \n        <div class=\"odp-free\">\n          <label class=\"odp-free-label\">Montant personnalis\u00e9<\/label>\n          <div class=\"odp-free-input\">\n            <span class=\"odp-prefix\">\u20ac<\/span>\n            <input type=\"number\" step=\"0.01\" min=\"0\" placeholder=\"0.00\" id=\"odp-free-amount\" \/>\n          <\/div>\n        <\/div>\n      <\/div>\n\n      <div class=\"odp-note\">\n        <div class=\"odp-note-title\">Astuce<\/div>\n        <div class=\"odp-note-text\">Choisissez un montant pr\u00e9d\u00e9fini ou saisissez un montant personnalis\u00e9.<\/div>\n      <\/div>\n    <\/div>\n\n    <div class=\"odp-card odp-step\" data-step=\"2\">\n      <div class=\"odp-step-head\">\n        <span class=\"odp-step-badge\" aria-hidden=\"true\">2<\/span>\n        <span>D\u00e9tails du donateur<\/span>\n      <\/div>\n\n      <form class=\"odp-form\" id=\"odp-form\" autocomplete=\"on\">\n        <div class=\"odp-fields\">\n                      <div class=\"odp-field\">\n              <label for=\"odp-donor_name\">\n                Nom complet                <span class=\"odp-req\">*<\/span>              <\/label>\n\n                              <input id=\"odp-donor_name\" type=\"text\" name=\"fields[donor_name]\" required \/>\n                          <\/div>\n                      <div class=\"odp-field\">\n              <label for=\"odp-donor_phone\">\n                T\u00e9l\u00e9phone                              <\/label>\n\n                              <input id=\"odp-donor_phone\" type=\"tel\" name=\"fields[donor_phone]\"  \/>\n                          <\/div>\n                      <div class=\"odp-field\">\n              <label for=\"odp-donor_email\">\n                Email                <span class=\"odp-req\">*<\/span>              <\/label>\n\n                              <input id=\"odp-donor_email\" type=\"email\" name=\"fields[donor_email]\" required \/>\n                          <\/div>\n                      <div class=\"odp-field\">\n              <label for=\"odp-note\">\n                Note                              <\/label>\n\n                              <textarea id=\"odp-note\" name=\"fields[note]\" ><\/textarea>\n                          <\/div>\n                  <\/div>\n      <\/form>\n    <\/div>\n\n    <div class=\"odp-card odp-step\" data-step=\"3\">\n      <div class=\"odp-step-head\">\n        <span class=\"odp-step-badge\" aria-hidden=\"true\">3<\/span>\n        <span>M\u00e9thode de paiement<\/span>\n      <\/div>\n\n      <div class=\"odp-gateways\" id=\"odp-gateways\">\n                  <button type=\"button\" class=\"odp-gw\" data-gw=\"paypal\" data-type=\"paypal\">\n            <span class=\"odp-gw-icon\" aria-hidden=\"true\"><svg viewBox=\"0 0 24 24\" aria-hidden=\"true\"><path d=\"M7.5 20H5.3c-.5 0-.9-.5-.8-1l2.1-13.3c.1-.4.5-.7.9-.7h6.2c3.5 0 5.6 1.5 5 5.3-.6 3.7-2.7 5.3-6.2 5.3H10l-.5 3.1c-.1.8-.8 1.4-1.6 1.4zm3.4-6.6h1.9c1.8 0 3-.7 3.3-2.6.3-1.9-.6-2.6-2.4-2.6h-2.3l-.5 5.2z\"\/><\/svg><\/span>\n            <span class=\"odp-gw-title\">PayPal \/ CB<\/span>\n                        <span class=\"odp-gw-check\" aria-hidden=\"true\"><svg viewBox=\"0 0 24 24\" aria-hidden=\"true\"><path d=\"M9.0 16.2 4.8 12l-1.4 1.4L9 19 21 7l-1.4-1.4z\"\/><\/svg><\/span>\n          <\/button>\n                  <button type=\"button\" class=\"odp-gw\" data-gw=\"bank\" data-type=\"bank\">\n            <span class=\"odp-gw-icon\" aria-hidden=\"true\"><svg viewBox=\"0 0 24 24\" aria-hidden=\"true\"><path d=\"M12 3 2 8v2h20V8L12 3zm-8 8v9h3v-9H4zm5 0v9h3v-9H9zm5 0v9h3v-9h-3zm5 0v9h3v-9h-3zM2 21h20v-2H2v2z\"\/><\/svg><\/span>\n            <span class=\"odp-gw-title\">Virement<\/span>\n                        <span class=\"odp-gw-check\" aria-hidden=\"true\"><svg viewBox=\"0 0 24 24\" aria-hidden=\"true\"><path d=\"M9.0 16.2 4.8 12l-1.4 1.4L9 19 21 7l-1.4-1.4z\"\/><\/svg><\/span>\n          <\/button>\n                      <\/div>\n\n      <div class=\"odp-gw-extra\" id=\"odp-gw-extra\" style=\"display:none;\"><\/div>\n\n      <button type=\"button\" class=\"odp-submit\" id=\"odp-submit\">\n        <span class=\"odp-btn-ico\" aria-hidden=\"true\"><svg viewBox=\"0 0 24 24\" aria-hidden=\"true\"><path d=\"M12 4 10.6 5.4 16.2 11H4v2h12.2l-5.6 5.6L12 20l8-8-8-8z\"\/><\/svg><\/span>\n        <span>Confirmer le don<\/span>\n        <span class=\"odp-submit-amt\" id=\"odp-submit-amt\"><\/span>\n      <\/button>\n\n      <div class=\"odp-secure\">\n        <span class=\"odp-lock\" aria-hidden=\"true\">\ud83d\udd12<\/span>\n        <span>Tous les paiements sont s\u00e9curis\u00e9s et chiffr\u00e9s.<\/span>\n      <\/div>\n\n      <div class=\"odp-msg\" id=\"odp-msg\" style=\"display:none;\"><\/div>\n    <\/div>\n  <\/div>\n\n  <div id=\"odp-result\" class=\"odp-result\" style=\"display:none;\"><\/div>\n<\/div>\n<\/div>\n\t\t\t\t\t\t<\/div>\n\t\t\t\t\t<\/div>\n\t\t<\/div>\n\t\t\t\t\t<\/div>\n\t\t<\/section>\n\t\t\t\t<\/div>\n\t\t","protected":false},"excerpt":{"rendered":"<p>Accueil &gt; Faire un don maintenant<\/p>\n","protected":false},"author":1,"featured_media":0,"parent":0,"menu_order":0,"comment_status":"closed","ping_status":"closed","template":"","meta":{"_acf_changed":false,"footnotes":""},"class_list":["post-2183","page","type-page","status-publish","hentry"],"acf":[],"_links":{"self":[{"href":"https:\/\/ala-wda.org\/fr\/wp-json\/wp\/v2\/pages\/2183","targetHints":{"allow":["GET"]}}],"collection":[{"href":"https:\/\/ala-wda.org\/fr\/wp-json\/wp\/v2\/pages"}],"about":[{"href":"https:\/\/ala-wda.org\/fr\/wp-json\/wp\/v2\/types\/page"}],"author":[{"embeddable":true,"href":"https:\/\/ala-wda.org\/fr\/wp-json\/wp\/v2\/users\/1"}],"replies":[{"embeddable":true,"href":"https:\/\/ala-wda.org\/fr\/wp-json\/wp\/v2\/comments?post=2183"}],"version-history":[{"count":4,"href":"https:\/\/ala-wda.org\/fr\/wp-json\/wp\/v2\/pages\/2183\/revisions"}],"predecessor-version":[{"id":2187,"href":"https:\/\/ala-wda.org\/fr\/wp-json\/wp\/v2\/pages\/2183\/revisions\/2187"}],"wp:attachment":[{"href":"https:\/\/ala-wda.org\/fr\/wp-json\/wp\/v2\/media?parent=2183"}],"curies":[{"name":"wp","href":"https:\/\/api.w.org\/{rel}","templated":true}]}}