{"id":2164,"date":"2025-12-30T10:03:18","date_gmt":"2025-12-30T10:03:18","guid":{"rendered":"https:\/\/forestgreen-mule-900612.hostingersite.com\/our-programs\/"},"modified":"2026-01-19T11:04:02","modified_gmt":"2026-01-19T11:04:02","slug":"nos-programmes","status":"publish","type":"page","link":"https:\/\/ala-wda.org\/fr\/nos-programmes\/","title":{"rendered":"Nos programmes"},"content":{"rendered":"\t\t<div data-elementor-type=\"wp-page\" data-elementor-id=\"2164\" class=\"elementor elementor-2164 elementor-377\" data-elementor-post-type=\"page\">\n\t\t\t\t\t\t<section data-dce-background-overlay-image-url=\"https:\/\/ala-wda.org\/wp-content\/uploads\/2026\/01\/banner.webp\" class=\"elementor-section elementor-top-section elementor-element elementor-element-ee0b659 elementor-section-boxed elementor-section-height-default elementor-section-height-default\" data-id=\"ee0b659\" data-element_type=\"section\" data-settings=\"{&quot;background_background&quot;:&quot;classic&quot;,&quot;ekit_has_onepagescroll_dot&quot;:&quot;yes&quot;}\">\n\t\t\t\t\t\t\t<div class=\"elementor-background-overlay\"><\/div>\n\t\t\t\t\t\t\t<div class=\"elementor-container elementor-column-gap-default\">\n\t\t\t\t\t<div class=\"elementor-column elementor-col-100 elementor-top-column elementor-element elementor-element-b2fff47\" data-id=\"b2fff47\" data-element_type=\"column\">\n\t\t\t<div class=\"elementor-widget-wrap elementor-element-populated\">\n\t\t\t\t\t\t<div class=\"elementor-element elementor-element-b7e9d9d elementor-widget elementor-widget-heading\" data-id=\"b7e9d9d\" data-element_type=\"widget\" data-settings=\"{&quot;ekit_we_effect_on&quot;:&quot;none&quot;}\" data-widget_type=\"heading.default\">\n\t\t\t\t\t<h1 class=\"elementor-heading-title elementor-size-default\">Nos programmes<\/h1>\t\t\t\t<\/div>\n\t\t\t\t<div class=\"elementor-element elementor-element-fe45abf elementor-widget__width-auto elementor-widget elementor-widget-dce-breadcrumbs\" data-id=\"fe45abf\" data-element_type=\"widget\" data-settings=\"{&quot;ekit_we_effect_on&quot;:&quot;none&quot;}\" data-widget_type=\"dce-breadcrumbs.default\">\n\t\t\t\t<div class=\"elementor-widget-container\">\n\t\t\t\t\t<ul><li class=\"item-home\"><a class=\"bread-link bread-home\" href=\"https:\/\/ala-wda.org\/fr\/\" title=\"Accueil\">Accueil<\/a><\/li><li class=\"separator separator-home\"> <span class=\"dce-separator\"> &gt; <\/span> <\/li><li class=\"item-current item-2164\"><span class=\"bread-current bread-2164\"> Nos programmes<\/span><\/li><\/ul>\t\t\t\t<\/div>\n\t\t\t\t<\/div>\n\t\t\t\t\t<\/div>\n\t\t<\/div>\n\t\t\t\t\t<\/div>\n\t\t<\/section>\n\t\t\t\t<section class=\"elementor-section elementor-top-section elementor-element elementor-element-ab01e8e elementor-section-boxed elementor-section-height-default elementor-section-height-default\" data-id=\"ab01e8e\" data-element_type=\"section\" data-settings=\"{&quot;background_background&quot;:&quot;classic&quot;,&quot;ekit_has_onepagescroll_dot&quot;:&quot;yes&quot;}\">\n\t\t\t\t\t\t<div class=\"elementor-container elementor-column-gap-default\">\n\t\t\t\t\t<div class=\"elementor-column elementor-col-100 elementor-top-column elementor-element elementor-element-0274e98\" data-id=\"0274e98\" data-element_type=\"column\">\n\t\t\t<div class=\"elementor-widget-wrap elementor-element-populated\">\n\t\t\t\t\t\t<div class=\"elementor-element elementor-element-f1c55ab elementor-widget elementor-widget-heading\" data-id=\"f1c55ab\" data-element_type=\"widget\" data-settings=\"{&quot;ekit_we_effect_on&quot;:&quot;none&quot;}\" data-widget_type=\"heading.default\">\n\t\t\t\t\t<h2 class=\"elementor-heading-title elementor-size-default\">Nos programmes<\/h2>\t\t\t\t<\/div>\n\t\t\t\t<div class=\"elementor-element elementor-element-ba74158 elementor-widget elementor-widget-heading\" data-id=\"ba74158\" data-element_type=\"widget\" data-settings=\"{&quot;ekit_we_effect_on&quot;:&quot;none&quot;}\" data-widget_type=\"heading.default\">\n\t\t\t\t\t<h1 class=\"elementor-heading-title elementor-size-default\">Nos programmes au sein de l\u2019Organisation Alawda mettent en \u0153uvre des initiatives \u00e0 fort impact qui cr\u00e9ent un changement durable et r\u00e9pondent aux besoins des communaut\u00e9s.<\/h1>\t\t\t\t<\/div>\n\t\t\t\t<section class=\"elementor-section elementor-inner-section elementor-element elementor-element-626d930 elementor-section-full_width elementor-section-height-default elementor-section-height-default\" data-id=\"626d930\" data-element_type=\"section\" data-settings=\"{&quot;ekit_has_onepagescroll_dot&quot;:&quot;yes&quot;}\">\n\t\t\t\t\t\t<div class=\"elementor-container elementor-column-gap-default\">\n\t\t\t\t\t<div class=\"elementor-column elementor-col-33 elementor-inner-column elementor-element elementor-element-d750cc7\" data-id=\"d750cc7\" data-element_type=\"column\" data-settings=\"{&quot;background_background&quot;:&quot;classic&quot;}\">\n\t\t\t<div class=\"elementor-widget-wrap elementor-element-populated\">\n\t\t\t\t\t\t<div class=\"elementor-element elementor-element-61f025a dce_masking-none elementor-widget elementor-widget-image\" data-id=\"61f025a\" data-element_type=\"widget\" data-settings=\"{&quot;ekit_we_effect_on&quot;:&quot;none&quot;}\" data-widget_type=\"image.default\">\n\t\t\t\t\t\t\t\t\t\t\t\t\t\t\t<img fetchpriority=\"high\" decoding=\"async\" width=\"256\" height=\"256\" src=\"https:\/\/ala-wda.org\/wp-content\/uploads\/2026\/01\/education.png\" class=\"attachment-full size-full wp-image-1830\" alt=\"\" srcset=\"https:\/\/ala-wda.org\/wp-content\/uploads\/2026\/01\/education.png 256w, https:\/\/ala-wda.org\/wp-content\/uploads\/2026\/01\/education-150x150.png 150w\" sizes=\"(max-width: 256px) 100vw, 256px\" \/>\t\t\t\t\t\t\t\t\t\t\t\t\t\t\t<\/div>\n\t\t\t\t<div class=\"elementor-element elementor-element-c44500e elementor-widget elementor-widget-heading\" data-id=\"c44500e\" data-element_type=\"widget\" data-settings=\"{&quot;ekit_we_effect_on&quot;:&quot;none&quot;}\" data-widget_type=\"heading.default\">\n\t\t\t\t\t<h2 class=\"elementor-heading-title elementor-size-default\">\u00c9ducation<\/h2>\t\t\t\t<\/div>\n\t\t\t\t<div class=\"elementor-element elementor-element-8252ec4 elementor-widget elementor-widget-text-editor\" data-id=\"8252ec4\" data-element_type=\"widget\" data-settings=\"{&quot;ekit_we_effect_on&quot;:&quot;none&quot;}\" data-widget_type=\"text-editor.default\">\n\t\t\t\t\t\t\t\t\t<div class=\"flex flex-col text-sm pb-25\"><article class=\"text-token-text-primary w-full focus:outline-none [--shadow-height:45px] has-data-writing-block:pointer-events-none has-data-writing-block:-mt-(--shadow-height) has-data-writing-block:pt-(--shadow-height) [&amp;:has([data-writing-block])&gt;*]:pointer-events-auto scroll-mt-[calc(var(--header-height)+min(200px,max(70px,20svh)))]\" dir=\"auto\" tabindex=\"-1\" data-turn-id=\"request-WEB:e4ceee4e-b1f1-4757-a866-71de8404277c-122\" data-testid=\"conversation-turn-108\" data-scroll-anchor=\"true\" data-turn=\"assistant\"><div class=\"text-base my-auto mx-auto pb-10 [--thread-content-margin:--spacing(4)] @w-sm\/main:[--thread-content-margin:--spacing(6)] @w-lg\/main:[--thread-content-margin:--spacing(16)] px-(--thread-content-margin)\"><div class=\"[--thread-content-max-width:40rem] @w-lg\/main:[--thread-content-max-width:48rem] mx-auto max-w-(--thread-content-max-width) flex-1 group\/turn-messages focus-visible:outline-hidden relative flex w-full min-w-0 flex-col agent-turn\" tabindex=\"-1\"><div class=\"flex max-w-full flex-col grow\"><div class=\"min-h-8 text-message relative flex w-full flex-col items-end gap-2 text-start break-words whitespace-normal [.text-message+&amp;]:mt-1\" dir=\"auto\" data-message-author-role=\"assistant\" data-message-id=\"e91c6f9c-5d2b-4c2a-8714-ed7c053716ef\" data-message-model-slug=\"gpt-5-2\"><div class=\"flex w-full flex-col gap-1 empty:hidden first:pt-[1px]\"><div class=\"markdown prose dark:prose-invert w-full break-words dark markdown-new-styling\"><ul><li>Soutenir l&rsquo;\u00e9ducation des enfants en difficult\u00e9.<\/li><li>Distribuer des fournitures scolaires.<\/li><li>Sensibiliser la communaut\u00e9 \u00e0 l&rsquo;importance de l&rsquo;\u00e9ducation.<\/li><\/ul><\/div><\/div><\/div><\/div><div class=\"z-0 flex min-h-[46px] justify-start\">\u00a0<\/div><div class=\"mt-3 w-full empty:hidden\"><div class=\"text-center\">\u00a0<\/div><\/div><\/div><\/div><\/article><\/div><div class=\"pointer-events-none h-px w-px absolute bottom-0\" aria-hidden=\"true\" data-edge=\"true\">\u00a0<\/div>\t\t\t\t\t\t\t\t<\/div>\n\t\t\t\t\t<\/div>\n\t\t<\/div>\n\t\t\t\t<div class=\"elementor-column elementor-col-33 elementor-inner-column elementor-element elementor-element-a28ddbc\" data-id=\"a28ddbc\" data-element_type=\"column\" data-settings=\"{&quot;background_background&quot;:&quot;classic&quot;}\">\n\t\t\t<div class=\"elementor-widget-wrap elementor-element-populated\">\n\t\t\t\t\t\t<div class=\"elementor-element elementor-element-95e3636 dce_masking-none elementor-widget elementor-widget-image\" data-id=\"95e3636\" data-element_type=\"widget\" data-settings=\"{&quot;ekit_we_effect_on&quot;:&quot;none&quot;}\" data-widget_type=\"image.default\">\n\t\t\t\t\t\t\t\t\t\t\t\t\t\t\t<img decoding=\"async\" width=\"256\" height=\"256\" src=\"https:\/\/ala-wda.org\/wp-content\/uploads\/2026\/01\/heart.png\" class=\"attachment-full size-full wp-image-1833\" alt=\"\" srcset=\"https:\/\/ala-wda.org\/wp-content\/uploads\/2026\/01\/heart.png 256w, https:\/\/ala-wda.org\/wp-content\/uploads\/2026\/01\/heart-150x150.png 150w\" sizes=\"(max-width: 256px) 100vw, 256px\" \/>\t\t\t\t\t\t\t\t\t\t\t\t\t\t\t<\/div>\n\t\t\t\t<div class=\"elementor-element elementor-element-c43fd3e elementor-widget elementor-widget-heading\" data-id=\"c43fd3e\" data-element_type=\"widget\" data-settings=\"{&quot;ekit_we_effect_on&quot;:&quot;none&quot;}\" data-widget_type=\"heading.default\">\n\t\t\t\t\t<h2 class=\"elementor-heading-title elementor-size-default\">Sant\u00e9<\/h2>\t\t\t\t<\/div>\n\t\t\t\t<div class=\"elementor-element elementor-element-0b76c2b elementor-widget elementor-widget-text-editor\" data-id=\"0b76c2b\" data-element_type=\"widget\" data-settings=\"{&quot;ekit_we_effect_on&quot;:&quot;none&quot;}\" data-widget_type=\"text-editor.default\">\n\t\t\t\t\t\t\t\t\t<ul><li data-start=\"0\" data-end=\"59\"><p data-start=\"2\" data-end=\"59\">Fourniture de services de soins de sant\u00e9 primaires.<\/p><\/li><li data-start=\"60\" data-end=\"139\"><p data-start=\"62\" data-end=\"139\">Promotion de l\u2019hygi\u00e8ne et sensibilisation \u00e0 la pr\u00e9vention des maladies.<\/p><\/li><li data-start=\"140\" data-end=\"186\" data-is-last-node=\"\"><p data-start=\"142\" data-end=\"186\" data-is-last-node=\"\">Soutien aux structures de sant\u00e9 locales<\/p><\/li><\/ul>\t\t\t\t\t\t\t\t<\/div>\n\t\t\t\t\t<\/div>\n\t\t<\/div>\n\t\t\t\t<div class=\"elementor-column elementor-col-33 elementor-inner-column elementor-element elementor-element-3442b9f\" data-id=\"3442b9f\" data-element_type=\"column\" data-settings=\"{&quot;background_background&quot;:&quot;classic&quot;}\">\n\t\t\t<div class=\"elementor-widget-wrap elementor-element-populated\">\n\t\t\t\t\t\t<div class=\"elementor-element elementor-element-b4fd131 dce_masking-none elementor-widget elementor-widget-image\" data-id=\"b4fd131\" data-element_type=\"widget\" data-settings=\"{&quot;ekit_we_effect_on&quot;:&quot;none&quot;}\" data-widget_type=\"image.default\">\n\t\t\t\t\t\t\t\t\t\t\t\t\t\t\t<img decoding=\"async\" width=\"256\" height=\"256\" src=\"https:\/\/ala-wda.org\/wp-content\/uploads\/2026\/01\/world-peace.png\" class=\"attachment-full size-full wp-image-1837\" alt=\"\" srcset=\"https:\/\/ala-wda.org\/wp-content\/uploads\/2026\/01\/world-peace.png 256w, https:\/\/ala-wda.org\/wp-content\/uploads\/2026\/01\/world-peace-150x150.png 150w\" sizes=\"(max-width: 256px) 100vw, 256px\" \/>\t\t\t\t\t\t\t\t\t\t\t\t\t\t\t<\/div>\n\t\t\t\t<div class=\"elementor-element elementor-element-f1b4d4e elementor-widget elementor-widget-heading\" data-id=\"f1b4d4e\" data-element_type=\"widget\" data-settings=\"{&quot;ekit_we_effect_on&quot;:&quot;none&quot;}\" data-widget_type=\"heading.default\">\n\t\t\t\t\t<h2 class=\"elementor-heading-title elementor-size-default\">Action humanitaire<\/h2>\t\t\t\t<\/div>\n\t\t\t\t<div class=\"elementor-element elementor-element-c7d22d0 elementor-widget elementor-widget-text-editor\" data-id=\"c7d22d0\" data-element_type=\"widget\" data-settings=\"{&quot;ekit_we_effect_on&quot;:&quot;none&quot;}\" data-widget_type=\"text-editor.default\">\n\t\t\t\t\t\t\t\t\t<ul><li data-start=\"0\" data-end=\"82\"><p data-start=\"2\" data-end=\"82\">Distribution de denr\u00e9es alimentaires et d\u2019articles non alimentaires.<\/p><\/li><li data-start=\"83\" data-end=\"159\"><p data-start=\"85\" data-end=\"159\">Fourniture d\u2019une assistance aux personnes d\u00e9plac\u00e9es et aux r\u00e9fugi\u00e9s.<\/p><\/li><li data-start=\"160\" data-end=\"222\" data-is-last-node=\"\"><p data-start=\"162\" data-end=\"222\" data-is-last-node=\"\">Apport d\u2019un soutien d\u2019urgence aux communaut\u00e9s affect\u00e9es.<\/p><\/li><\/ul>\t\t\t\t\t\t\t\t<\/div>\n\t\t\t\t\t<\/div>\n\t\t<\/div>\n\t\t\t\t\t<\/div>\n\t\t<\/section>\n\t\t\t\t\t<\/div>\n\t\t<\/div>\n\t\t\t\t\t<\/div>\n\t\t<\/section>\n\t\t\t\t<section class=\"elementor-section elementor-top-section elementor-element elementor-element-213c307 elementor-section-boxed elementor-section-height-default elementor-section-height-default\" data-id=\"213c307\" data-element_type=\"section\" data-settings=\"{&quot;background_background&quot;:&quot;classic&quot;,&quot;ekit_has_onepagescroll_dot&quot;:&quot;yes&quot;}\">\n\t\t\t\t\t\t<div class=\"elementor-container elementor-column-gap-default\">\n\t\t\t\t\t<div class=\"elementor-column elementor-col-100 elementor-top-column elementor-element elementor-element-67c3b25\" data-id=\"67c3b25\" data-element_type=\"column\">\n\t\t\t<div class=\"elementor-widget-wrap elementor-element-populated\">\n\t\t\t\t\t\t<div class=\"elementor-element elementor-element-893a059 elementor-widget elementor-widget-heading\" data-id=\"893a059\" data-element_type=\"widget\" data-settings=\"{&quot;ekit_we_effect_on&quot;:&quot;none&quot;}\" data-widget_type=\"heading.default\">\n\t\t\t\t\t<h2 class=\"elementor-heading-title elementor-size-default\">Groupes cibles<\/h2>\t\t\t\t<\/div>\n\t\t\t\t<section class=\"elementor-section elementor-inner-section elementor-element elementor-element-2be06f8 elementor-section-full_width elementor-section-height-default elementor-section-height-default\" data-id=\"2be06f8\" data-element_type=\"section\" data-settings=\"{&quot;ekit_has_onepagescroll_dot&quot;:&quot;yes&quot;}\">\n\t\t\t\t\t\t<div class=\"elementor-container elementor-column-gap-default\">\n\t\t\t\t\t<div class=\"elementor-column elementor-col-25 elementor-inner-column elementor-element elementor-element-4b62a1d\" data-id=\"4b62a1d\" data-element_type=\"column\" data-settings=\"{&quot;background_background&quot;:&quot;classic&quot;}\">\n\t\t\t<div class=\"elementor-widget-wrap elementor-element-populated\">\n\t\t\t\t\t\t<div class=\"elementor-element elementor-element-fea31d3 dce_masking-none elementor-widget elementor-widget-image\" data-id=\"fea31d3\" data-element_type=\"widget\" data-settings=\"{&quot;ekit_we_effect_on&quot;:&quot;none&quot;}\" data-widget_type=\"image.default\">\n\t\t\t\t\t\t\t\t\t\t\t\t\t\t\t<img loading=\"lazy\" decoding=\"async\" width=\"512\" height=\"512\" src=\"https:\/\/ala-wda.org\/wp-content\/uploads\/2026\/01\/18321433232.webp\" class=\"attachment-full size-full wp-image-1093\" alt=\"\" srcset=\"https:\/\/ala-wda.org\/wp-content\/uploads\/2026\/01\/18321433232.webp 512w, https:\/\/ala-wda.org\/wp-content\/uploads\/2026\/01\/18321433232-300x300.webp 300w, https:\/\/ala-wda.org\/wp-content\/uploads\/2026\/01\/18321433232-150x150.webp 150w, https:\/\/ala-wda.org\/wp-content\/uploads\/2026\/01\/18321433232-100x100.webp 100w\" sizes=\"(max-width: 512px) 100vw, 512px\" \/>\t\t\t\t\t\t\t\t\t\t\t\t\t\t\t<\/div>\n\t\t\t\t<div class=\"elementor-element elementor-element-b8d1b01 elementor-widget elementor-widget-heading\" data-id=\"b8d1b01\" data-element_type=\"widget\" data-settings=\"{&quot;ekit_we_effect_on&quot;:&quot;none&quot;}\" data-widget_type=\"heading.default\">\n\t\t\t\t\t<h2 class=\"elementor-heading-title elementor-size-default\">Enfants \u00e0 risque<\/h2>\t\t\t\t<\/div>\n\t\t\t\t\t<\/div>\n\t\t<\/div>\n\t\t\t\t<div class=\"elementor-column elementor-col-25 elementor-inner-column elementor-element elementor-element-f32c816\" data-id=\"f32c816\" data-element_type=\"column\" data-settings=\"{&quot;background_background&quot;:&quot;classic&quot;}\">\n\t\t\t<div class=\"elementor-widget-wrap elementor-element-populated\">\n\t\t\t\t\t\t<div class=\"elementor-element elementor-element-e773b15 dce_masking-none elementor-widget elementor-widget-image\" data-id=\"e773b15\" data-element_type=\"widget\" data-settings=\"{&quot;ekit_we_effect_on&quot;:&quot;none&quot;}\" data-widget_type=\"image.default\">\n\t\t\t\t\t\t\t\t\t\t\t\t\t\t\t<img loading=\"lazy\" decoding=\"async\" width=\"512\" height=\"512\" src=\"https:\/\/ala-wda.org\/wp-content\/uploads\/2026\/01\/1893335143124.webp\" class=\"attachment-full size-full wp-image-1105\" alt=\"\" srcset=\"https:\/\/ala-wda.org\/wp-content\/uploads\/2026\/01\/1893335143124.webp 512w, https:\/\/ala-wda.org\/wp-content\/uploads\/2026\/01\/1893335143124-300x300.webp 300w, https:\/\/ala-wda.org\/wp-content\/uploads\/2026\/01\/1893335143124-150x150.webp 150w, https:\/\/ala-wda.org\/wp-content\/uploads\/2026\/01\/1893335143124-100x100.webp 100w\" sizes=\"(max-width: 512px) 100vw, 512px\" \/>\t\t\t\t\t\t\t\t\t\t\t\t\t\t\t<\/div>\n\t\t\t\t<div class=\"elementor-element elementor-element-f71dafc elementor-widget elementor-widget-heading\" data-id=\"f71dafc\" data-element_type=\"widget\" data-settings=\"{&quot;ekit_we_effect_on&quot;:&quot;none&quot;}\" data-widget_type=\"heading.default\">\n\t\t\t\t\t<h2 class=\"elementor-heading-title elementor-size-default\">Femmes et filles<\/h2>\t\t\t\t<\/div>\n\t\t\t\t\t<\/div>\n\t\t<\/div>\n\t\t\t\t<div class=\"elementor-column elementor-col-25 elementor-inner-column elementor-element elementor-element-0876f63\" data-id=\"0876f63\" data-element_type=\"column\" data-settings=\"{&quot;background_background&quot;:&quot;classic&quot;}\">\n\t\t\t<div class=\"elementor-widget-wrap elementor-element-populated\">\n\t\t\t\t\t\t<div class=\"elementor-element elementor-element-38bbdd8 dce_masking-none elementor-widget elementor-widget-image\" data-id=\"38bbdd8\" data-element_type=\"widget\" data-settings=\"{&quot;ekit_we_effect_on&quot;:&quot;none&quot;}\" data-widget_type=\"image.default\">\n\t\t\t\t\t\t\t\t\t\t\t\t\t\t\t<img loading=\"lazy\" decoding=\"async\" width=\"512\" height=\"512\" src=\"https:\/\/ala-wda.org\/wp-content\/uploads\/2026\/01\/816995\u0633\u0624.webp\" class=\"attachment-full size-full wp-image-1123\" alt=\"\" srcset=\"https:\/\/ala-wda.org\/wp-content\/uploads\/2026\/01\/816995\u0633\u0624.webp 512w, https:\/\/ala-wda.org\/wp-content\/uploads\/2026\/01\/816995\u0633\u0624-300x300.webp 300w, https:\/\/ala-wda.org\/wp-content\/uploads\/2026\/01\/816995\u0633\u0624-150x150.webp 150w, https:\/\/ala-wda.org\/wp-content\/uploads\/2026\/01\/816995\u0633\u0624-100x100.webp 100w\" sizes=\"(max-width: 512px) 100vw, 512px\" \/>\t\t\t\t\t\t\t\t\t\t\t\t\t\t\t<\/div>\n\t\t\t\t<div class=\"elementor-element elementor-element-52bee6c elementor-widget elementor-widget-heading\" data-id=\"52bee6c\" data-element_type=\"widget\" data-settings=\"{&quot;ekit_we_effect_on&quot;:&quot;none&quot;}\" data-widget_type=\"heading.default\">\n\t\t\t\t\t<h2 class=\"elementor-heading-title elementor-size-default\">Personnes d\u00e9plac\u00e9es internes et r\u00e9fugi\u00e9s<\/h2>\t\t\t\t<\/div>\n\t\t\t\t\t<\/div>\n\t\t<\/div>\n\t\t\t\t<div class=\"elementor-column elementor-col-25 elementor-inner-column elementor-element elementor-element-bf02aae\" data-id=\"bf02aae\" data-element_type=\"column\" data-settings=\"{&quot;background_background&quot;:&quot;classic&quot;}\">\n\t\t\t<div class=\"elementor-widget-wrap elementor-element-populated\">\n\t\t\t\t\t\t<div class=\"elementor-element elementor-element-b0b29f4 dce_masking-none elementor-widget elementor-widget-image\" data-id=\"b0b29f4\" data-element_type=\"widget\" data-settings=\"{&quot;ekit_we_effect_on&quot;:&quot;none&quot;}\" data-widget_type=\"image.default\">\n\t\t\t\t\t\t\t\t\t\t\t\t\t\t\t<img loading=\"lazy\" decoding=\"async\" width=\"512\" height=\"512\" src=\"https:\/\/ala-wda.org\/wp-content\/uploads\/2026\/01\/retirement-home_18857022\u0633\u0631\u0633\u0631\u0633.webp\" class=\"attachment-full size-full wp-image-1135\" alt=\"\" srcset=\"https:\/\/ala-wda.org\/wp-content\/uploads\/2026\/01\/retirement-home_18857022\u0633\u0631\u0633\u0631\u0633.webp 512w, https:\/\/ala-wda.org\/wp-content\/uploads\/2026\/01\/retirement-home_18857022\u0633\u0631\u0633\u0631\u0633-300x300.webp 300w, https:\/\/ala-wda.org\/wp-content\/uploads\/2026\/01\/retirement-home_18857022\u0633\u0631\u0633\u0631\u0633-150x150.webp 150w, https:\/\/ala-wda.org\/wp-content\/uploads\/2026\/01\/retirement-home_18857022\u0633\u0631\u0633\u0631\u0633-100x100.webp 100w\" sizes=\"(max-width: 512px) 100vw, 512px\" \/>\t\t\t\t\t\t\t\t\t\t\t\t\t\t\t<\/div>\n\t\t\t\t<div class=\"elementor-element elementor-element-d6a4f3b elementor-widget elementor-widget-heading\" data-id=\"d6a4f3b\" data-element_type=\"widget\" data-settings=\"{&quot;ekit_we_effect_on&quot;:&quot;none&quot;}\" data-widget_type=\"heading.default\">\n\t\t\t\t\t<h2 class=\"elementor-heading-title elementor-size-default\">Communaut\u00e9s rurales et urbaines vuln\u00e9rables<\/h2>\t\t\t\t<\/div>\n\t\t\t\t\t<\/div>\n\t\t<\/div>\n\t\t\t\t\t<\/div>\n\t\t<\/section>\n\t\t\t\t\t<\/div>\n\t\t<\/div>\n\t\t\t\t\t<\/div>\n\t\t<\/section>\n\t\t\t\t<\/div>\n\t\t","protected":false},"excerpt":{"rendered":"<p>Accueil &gt; Nos programmes Nos programmes Nos programmes au sein de l\u2019Organisation Alawda mettent en \u0153uvre des initiatives \u00e0 fort impact qui cr\u00e9ent un changement durable et r\u00e9pondent aux besoins des communaut\u00e9s. \u00c9ducation Soutenir l&rsquo;\u00e9ducation des enfants en difficult\u00e9. Distribuer des fournitures scolaires. Sensibiliser la communaut\u00e9 \u00e0 l&rsquo;importance de l&rsquo;\u00e9ducation. \u00a0\u00a0 \u00a0 Sant\u00e9 Fourniture de [&hellip;]<\/p>\n","protected":false},"author":1,"featured_media":0,"parent":0,"menu_order":0,"comment_status":"closed","ping_status":"closed","template":"","meta":{"_acf_changed":false,"footnotes":""},"class_list":["post-2164","page","type-page","status-publish","hentry"],"acf":[],"_links":{"self":[{"href":"https:\/\/ala-wda.org\/fr\/wp-json\/wp\/v2\/pages\/2164","targetHints":{"allow":["GET"]}}],"collection":[{"href":"https:\/\/ala-wda.org\/fr\/wp-json\/wp\/v2\/pages"}],"about":[{"href":"https:\/\/ala-wda.org\/fr\/wp-json\/wp\/v2\/types\/page"}],"author":[{"embeddable":true,"href":"https:\/\/ala-wda.org\/fr\/wp-json\/wp\/v2\/users\/1"}],"replies":[{"embeddable":true,"href":"https:\/\/ala-wda.org\/fr\/wp-json\/wp\/v2\/comments?post=2164"}],"version-history":[{"count":13,"href":"https:\/\/ala-wda.org\/fr\/wp-json\/wp\/v2\/pages\/2164\/revisions"}],"predecessor-version":[{"id":2584,"href":"https:\/\/ala-wda.org\/fr\/wp-json\/wp\/v2\/pages\/2164\/revisions\/2584"}],"wp:attachment":[{"href":"https:\/\/ala-wda.org\/fr\/wp-json\/wp\/v2\/media?parent=2164"}],"curies":[{"name":"wp","href":"https:\/\/api.w.org\/{rel}","templated":true}]}}