{"id":2143,"date":"2025-12-30T10:03:09","date_gmt":"2025-12-30T10:03:09","guid":{"rendered":"https:\/\/forestgreen-mule-900612.hostingersite.com\/about-us\/"},"modified":"2026-01-21T12:51:13","modified_gmt":"2026-01-21T12:51:13","slug":"a-propos-de-nous","status":"publish","type":"page","link":"https:\/\/ala-wda.org\/fr\/a-propos-de-nous\/","title":{"rendered":"\u00c0 propos de nous"},"content":{"rendered":"\t\t<div data-elementor-type=\"wp-page\" data-elementor-id=\"2143\" class=\"elementor elementor-2143 elementor-375\" data-elementor-post-type=\"page\">\n\t\t\t\t\t\t<section data-dce-background-overlay-image-url=\"https:\/\/ala-wda.org\/wp-content\/uploads\/2026\/01\/banner.webp\" class=\"elementor-section elementor-top-section elementor-element elementor-element-02e2bb8 elementor-section-boxed elementor-section-height-default elementor-section-height-default\" data-id=\"02e2bb8\" data-element_type=\"section\" data-settings=\"{&quot;background_background&quot;:&quot;classic&quot;,&quot;ekit_has_onepagescroll_dot&quot;:&quot;yes&quot;}\">\n\t\t\t\t\t\t\t<div class=\"elementor-background-overlay\"><\/div>\n\t\t\t\t\t\t\t<div class=\"elementor-container elementor-column-gap-default\">\n\t\t\t\t\t<div class=\"elementor-column elementor-col-100 elementor-top-column elementor-element elementor-element-e9053b3\" data-id=\"e9053b3\" data-element_type=\"column\">\n\t\t\t<div class=\"elementor-widget-wrap elementor-element-populated\">\n\t\t\t\t\t\t<div class=\"elementor-element elementor-element-0487571 elementor-widget elementor-widget-heading\" data-id=\"0487571\" data-element_type=\"widget\" data-settings=\"{&quot;ekit_we_effect_on&quot;:&quot;none&quot;}\" data-widget_type=\"heading.default\">\n\t\t\t\t\t<h2 class=\"elementor-heading-title elementor-size-default\">\u00c0 propos de nous<\/h2>\t\t\t\t<\/div>\n\t\t\t\t<div class=\"elementor-element elementor-element-4c8d8a4 elementor-widget__width-auto elementor-widget elementor-widget-dce-breadcrumbs\" data-id=\"4c8d8a4\" data-element_type=\"widget\" data-settings=\"{&quot;ekit_we_effect_on&quot;:&quot;none&quot;}\" data-widget_type=\"dce-breadcrumbs.default\">\n\t\t\t\t<div class=\"elementor-widget-container\">\n\t\t\t\t\t<ul><li class=\"item-home\"><a class=\"bread-link bread-home\" href=\"https:\/\/ala-wda.org\/fr\/\" title=\"Accueil\">Accueil<\/a><\/li><li class=\"separator separator-home\"> <span class=\"dce-separator\"> &gt; <\/span> <\/li><li class=\"item-current item-2143\"><span class=\"bread-current bread-2143\"> \u00c0 propos de nous<\/span><\/li><\/ul>\t\t\t\t<\/div>\n\t\t\t\t<\/div>\n\t\t\t\t\t<\/div>\n\t\t<\/div>\n\t\t\t\t\t<\/div>\n\t\t<\/section>\n\t\t\t\t<section class=\"elementor-section elementor-top-section elementor-element elementor-element-903ca5d elementor-section-boxed elementor-section-height-default elementor-section-height-default\" data-id=\"903ca5d\" data-element_type=\"section\" data-settings=\"{&quot;background_background&quot;:&quot;classic&quot;,&quot;ekit_has_onepagescroll_dot&quot;:&quot;yes&quot;}\">\n\t\t\t\t\t\t<div class=\"elementor-container elementor-column-gap-default\">\n\t\t\t\t\t<div class=\"elementor-column elementor-col-100 elementor-top-column elementor-element elementor-element-12b6a38\" data-id=\"12b6a38\" data-element_type=\"column\">\n\t\t\t<div class=\"elementor-widget-wrap elementor-element-populated\">\n\t\t\t\t\t\t<div class=\"elementor-element elementor-element-3250a16 elementor-widget elementor-widget-heading\" data-id=\"3250a16\" data-element_type=\"widget\" data-settings=\"{&quot;ekit_we_effect_on&quot;:&quot;none&quot;}\" data-widget_type=\"heading.default\">\n\t\t\t\t\t<h2 class=\"elementor-heading-title elementor-size-default\">Alawda Organisation <br><\/h2>\t\t\t\t<\/div>\n\t\t\t\t<div class=\"elementor-element elementor-element-2c6dc41 elementor-widget elementor-widget-text-editor\" data-id=\"2c6dc41\" data-element_type=\"widget\" data-settings=\"{&quot;ekit_we_effect_on&quot;:&quot;none&quot;}\" data-widget_type=\"text-editor.default\">\n\t\t\t\t\t\t\t\t\t<p>L\u2019organisation vise \u00e0 mener des op\u00e9rations humanitaires \u00e0 l\u2019\u00e9chelle internationale, surtout au <strong>Soudan<\/strong> et au <strong>Tchad<\/strong>, afin de soutenir les populations vuln\u00e9rables et celles touch\u00e9es par les crises humanitaires, les catastrophes naturelles, les conflits ou la pauvret\u00e9. Elle s\u2019efforce de garantir l\u2019acc\u00e8s aux besoins essentiels, notamment la nourriture, l\u2019eau potable, les soins de sant\u00e9, l\u2019\u00e9ducation et le logement, tout en respectant les principes d\u2019humanit\u00e9, de neutralit\u00e9, d\u2019int\u00e9grit\u00e9 et de solidarit\u00e9.<\/p>\t\t\t\t\t\t\t\t<\/div>\n\t\t\t\t<section class=\"elementor-section elementor-inner-section elementor-element elementor-element-b0f4b95 elementor-section-full_width elementor-section-height-default elementor-section-height-default\" data-id=\"b0f4b95\" data-element_type=\"section\" data-settings=\"{&quot;ekit_has_onepagescroll_dot&quot;:&quot;yes&quot;}\">\n\t\t\t\t\t\t<div class=\"elementor-container elementor-column-gap-default\">\n\t\t\t\t\t<div class=\"elementor-column elementor-col-33 elementor-inner-column elementor-element elementor-element-c4d8e8b\" data-id=\"c4d8e8b\" data-element_type=\"column\" data-settings=\"{&quot;background_background&quot;:&quot;classic&quot;}\">\n\t\t\t<div class=\"elementor-widget-wrap elementor-element-populated\">\n\t\t\t\t\t\t<div class=\"elementor-element elementor-element-95bdb10 dce_masking-none elementor-widget elementor-widget-image\" data-id=\"95bdb10\" data-element_type=\"widget\" data-settings=\"{&quot;ekit_we_effect_on&quot;:&quot;none&quot;}\" data-widget_type=\"image.default\">\n\t\t\t\t\t\t\t\t\t\t\t\t\t\t\t<img fetchpriority=\"high\" decoding=\"async\" width=\"512\" height=\"512\" src=\"https:\/\/ala-wda.org\/wp-content\/uploads\/2026\/01\/Vision.webp\" class=\"attachment-full size-full wp-image-1026\" alt=\"\" srcset=\"https:\/\/ala-wda.org\/wp-content\/uploads\/2026\/01\/Vision.webp 512w, https:\/\/ala-wda.org\/wp-content\/uploads\/2026\/01\/Vision-300x300.webp 300w, https:\/\/ala-wda.org\/wp-content\/uploads\/2026\/01\/Vision-150x150.webp 150w, https:\/\/ala-wda.org\/wp-content\/uploads\/2026\/01\/Vision-100x100.webp 100w\" sizes=\"(max-width: 512px) 100vw, 512px\" \/>\t\t\t\t\t\t\t\t\t\t\t\t\t\t\t<\/div>\n\t\t\t\t<div class=\"elementor-element elementor-element-0a4a0cf elementor-widget elementor-widget-heading\" data-id=\"0a4a0cf\" data-element_type=\"widget\" data-settings=\"{&quot;ekit_we_effect_on&quot;:&quot;none&quot;}\" data-widget_type=\"heading.default\">\n\t\t\t\t\t<h2 class=\"elementor-heading-title elementor-size-default\">Vision<\/h2>\t\t\t\t<\/div>\n\t\t\t\t<div class=\"elementor-element elementor-element-20217fd elementor-widget elementor-widget-text-editor\" data-id=\"20217fd\" data-element_type=\"widget\" data-settings=\"{&quot;ekit_we_effect_on&quot;:&quot;none&quot;}\" data-widget_type=\"text-editor.default\">\n\t\t\t\t\t\t\t\t\t<p>Contribuer \u00e0 un avenir o\u00f9 chaque individu, en particulier les femmes et les enfants, jouit de la dignit\u00e9 humaine et a acc\u00e8s aux services essentiels ainsi qu\u2019aux opportunit\u00e9s de d\u00e9veloppement durable.<\/p>\t\t\t\t\t\t\t\t<\/div>\n\t\t\t\t\t<\/div>\n\t\t<\/div>\n\t\t\t\t<div class=\"elementor-column elementor-col-33 elementor-inner-column elementor-element elementor-element-bcf65e6\" data-id=\"bcf65e6\" data-element_type=\"column\" data-settings=\"{&quot;background_background&quot;:&quot;classic&quot;}\">\n\t\t\t<div class=\"elementor-widget-wrap elementor-element-populated\">\n\t\t\t\t\t\t<div class=\"elementor-element elementor-element-18b38d7 dce_masking-none elementor-widget elementor-widget-image\" data-id=\"18b38d7\" data-element_type=\"widget\" data-settings=\"{&quot;ekit_we_effect_on&quot;:&quot;none&quot;}\" data-widget_type=\"image.default\">\n\t\t\t\t\t\t\t\t\t\t\t\t\t\t\t<img decoding=\"async\" width=\"512\" height=\"512\" src=\"https:\/\/ala-wda.org\/wp-content\/uploads\/2026\/01\/5165935.webp\" class=\"attachment-full size-full wp-image-1057\" alt=\"\" srcset=\"https:\/\/ala-wda.org\/wp-content\/uploads\/2026\/01\/5165935.webp 512w, https:\/\/ala-wda.org\/wp-content\/uploads\/2026\/01\/5165935-300x300.webp 300w, https:\/\/ala-wda.org\/wp-content\/uploads\/2026\/01\/5165935-150x150.webp 150w, https:\/\/ala-wda.org\/wp-content\/uploads\/2026\/01\/5165935-100x100.webp 100w\" sizes=\"(max-width: 512px) 100vw, 512px\" \/>\t\t\t\t\t\t\t\t\t\t\t\t\t\t\t<\/div>\n\t\t\t\t<div class=\"elementor-element elementor-element-3375724 elementor-widget elementor-widget-heading\" data-id=\"3375724\" data-element_type=\"widget\" data-settings=\"{&quot;ekit_we_effect_on&quot;:&quot;none&quot;}\" data-widget_type=\"heading.default\">\n\t\t\t\t\t<h2 class=\"elementor-heading-title elementor-size-default\">Mission<\/h2>\t\t\t\t<\/div>\n\t\t\t\t<div class=\"elementor-element elementor-element-dd48bca elementor-widget elementor-widget-text-editor\" data-id=\"dd48bca\" data-element_type=\"widget\" data-settings=\"{&quot;ekit_we_effect_on&quot;:&quot;none&quot;}\" data-widget_type=\"text-editor.default\">\n\t\t\t\t\t\t\t\t\t<p>Fournir une assistance humanitaire efficace et durable aux populations vuln\u00e9rables dans les situations d\u2019urgence et les contextes fragiles, tout en am\u00e9liorant l\u2019acc\u00e8s \u00e0 l\u2019\u00e9ducation et aux soins de sant\u00e9 primaires.<\/p>\t\t\t\t\t\t\t\t<\/div>\n\t\t\t\t\t<\/div>\n\t\t<\/div>\n\t\t\t\t<div class=\"elementor-column elementor-col-33 elementor-inner-column elementor-element elementor-element-eb312d1\" data-id=\"eb312d1\" data-element_type=\"column\" data-settings=\"{&quot;background_background&quot;:&quot;classic&quot;}\">\n\t\t\t<div class=\"elementor-widget-wrap elementor-element-populated\">\n\t\t\t\t\t\t<div class=\"elementor-element elementor-element-b083d8c dce_masking-none elementor-widget elementor-widget-image\" data-id=\"b083d8c\" data-element_type=\"widget\" data-settings=\"{&quot;ekit_we_effect_on&quot;:&quot;none&quot;}\" data-widget_type=\"image.default\">\n\t\t\t\t\t\t\t\t\t\t\t\t\t\t\t<img decoding=\"async\" width=\"512\" height=\"512\" src=\"https:\/\/ala-wda.org\/wp-content\/uploads\/2026\/01\/Mission1.webp\" class=\"attachment-full size-full wp-image-1048\" alt=\"\" srcset=\"https:\/\/ala-wda.org\/wp-content\/uploads\/2026\/01\/Mission1.webp 512w, https:\/\/ala-wda.org\/wp-content\/uploads\/2026\/01\/Mission1-300x300.webp 300w, https:\/\/ala-wda.org\/wp-content\/uploads\/2026\/01\/Mission1-150x150.webp 150w, https:\/\/ala-wda.org\/wp-content\/uploads\/2026\/01\/Mission1-100x100.webp 100w\" sizes=\"(max-width: 512px) 100vw, 512px\" \/>\t\t\t\t\t\t\t\t\t\t\t\t\t\t\t<\/div>\n\t\t\t\t<div class=\"elementor-element elementor-element-b956c7d elementor-widget elementor-widget-heading\" data-id=\"b956c7d\" data-element_type=\"widget\" data-settings=\"{&quot;ekit_we_effect_on&quot;:&quot;none&quot;}\" data-widget_type=\"heading.default\">\n\t\t\t\t\t<h2 class=\"elementor-heading-title elementor-size-default\">Objectifs strat\u00e9giques<\/h2>\t\t\t\t<\/div>\n\t\t\t\t<div class=\"elementor-element elementor-element-5a45ce1 elementor-widget elementor-widget-text-editor\" data-id=\"5a45ce1\" data-element_type=\"widget\" data-settings=\"{&quot;ekit_we_effect_on&quot;:&quot;none&quot;}\" data-widget_type=\"text-editor.default\">\n\t\t\t\t\t\t\t\t\t<ul><li data-start=\"39\" data-end=\"130\"><p data-start=\"41\" data-end=\"130\">R\u00e9pondre aux besoins humanitaires urgents des populations affect\u00e9es par les crises.<\/p><\/li><li data-start=\"131\" data-end=\"198\"><p data-start=\"133\" data-end=\"198\">Am\u00e9liorer l\u2019acc\u00e8s aux services de soins de sant\u00e9 primaires.<\/p><\/li><li data-start=\"199\" data-end=\"270\"><p data-start=\"201\" data-end=\"270\">Soutenir l\u2019\u00e9ducation des enfants en situation de vuln\u00e9rabilit\u00e9.<\/p><\/li><li data-start=\"271\" data-end=\"325\" data-is-last-node=\"\"><p data-start=\"273\" data-end=\"325\" data-is-last-node=\"\">Renforcer la r\u00e9silience des communaut\u00e9s locales.<\/p><\/li><\/ul>\t\t\t\t\t\t\t\t<\/div>\n\t\t\t\t\t<\/div>\n\t\t<\/div>\n\t\t\t\t\t<\/div>\n\t\t<\/section>\n\t\t\t\t<section class=\"elementor-section elementor-inner-section elementor-element elementor-element-ffe6b5f elementor-section-full_width elementor-section-height-default elementor-section-height-default\" data-id=\"ffe6b5f\" data-element_type=\"section\" data-settings=\"{&quot;background_background&quot;:&quot;classic&quot;,&quot;ekit_has_onepagescroll_dot&quot;:&quot;yes&quot;}\">\n\t\t\t\t\t\t<div class=\"elementor-container elementor-column-gap-default\">\n\t\t\t\t\t<div class=\"elementor-column elementor-col-100 elementor-inner-column elementor-element elementor-element-1046825\" data-id=\"1046825\" data-element_type=\"column\" data-settings=\"{&quot;background_background&quot;:&quot;classic&quot;}\">\n\t\t\t<div class=\"elementor-widget-wrap elementor-element-populated\">\n\t\t\t\t\t\t<div class=\"elementor-element elementor-element-0e5a1ff dce_masking-none elementor-widget elementor-widget-image\" data-id=\"0e5a1ff\" data-element_type=\"widget\" data-settings=\"{&quot;ekit_we_effect_on&quot;:&quot;none&quot;}\" data-widget_type=\"image.default\">\n\t\t\t\t\t\t\t\t\t\t\t\t\t\t\t<img loading=\"lazy\" decoding=\"async\" width=\"256\" height=\"256\" src=\"https:\/\/ala-wda.org\/wp-content\/uploads\/2026\/01\/hand.png\" class=\"attachment-full size-full wp-image-1401\" alt=\"\" srcset=\"https:\/\/ala-wda.org\/wp-content\/uploads\/2026\/01\/hand.png 256w, https:\/\/ala-wda.org\/wp-content\/uploads\/2026\/01\/hand-150x150.png 150w\" sizes=\"(max-width: 256px) 100vw, 256px\" \/>\t\t\t\t\t\t\t\t\t\t\t\t\t\t\t<\/div>\n\t\t\t\t<div class=\"elementor-element elementor-element-2d0ea86 elementor-widget elementor-widget-heading\" data-id=\"2d0ea86\" data-element_type=\"widget\" data-settings=\"{&quot;ekit_we_effect_on&quot;:&quot;none&quot;}\" data-widget_type=\"heading.default\">\n\t\t\t\t\t<h2 class=\"elementor-heading-title elementor-size-default\">Nos valeurs<\/h2>\t\t\t\t<\/div>\n\t\t\t\t<div class=\"elementor-element elementor-element-74d132a elementor-widget elementor-widget-text-editor\" data-id=\"74d132a\" data-element_type=\"widget\" data-settings=\"{&quot;ekit_we_effect_on&quot;:&quot;none&quot;}\" data-widget_type=\"text-editor.default\">\n\t\t\t\t\t\t\t\t\t<ul><li><strong>Humanit\u00e9\u00a0<\/strong><br \/>Nous pla\u00e7ons l\u2019humanit\u00e9 au c\u0153ur de toutes nos actions. Chaque personne a droit \u00e0 la dignit\u00e9, \u00e0 la protection et \u00e0 l\u2019acc\u00e8s aux services essentiels.<\/li><li><strong>Solidarit\u00e9<\/strong><br \/>Nous nous engageons \u00e0 soutenir les communaut\u00e9s vuln\u00e9rables, en particulier les enfants, les femmes et les personnes d\u00e9plac\u00e9es.<\/li><li><strong>Int\u00e9grit\u00e9<\/strong><br \/>Nous agissons avec honn\u00eatet\u00e9, transparence et responsabilit\u00e9 dans la gestion des ressources et la mise en \u0153uvre de nos projets.<\/li><li><strong>Engagement<\/strong><br \/>Nous sommes pleinement engag\u00e9s \u00e0 r\u00e9pondre aux urgences humanitaires et \u00e0 contribuer \u00e0 un d\u00e9veloppement durable et inclusif.<\/li><\/ul>\t\t\t\t\t\t\t\t<\/div>\n\t\t\t\t\t<\/div>\n\t\t<\/div>\n\t\t\t\t\t<\/div>\n\t\t<\/section>\n\t\t\t\t<section class=\"elementor-section elementor-inner-section elementor-element elementor-element-194a256 elementor-section-full_width elementor-section-height-default elementor-section-height-default\" data-id=\"194a256\" data-element_type=\"section\" data-settings=\"{&quot;background_background&quot;:&quot;classic&quot;,&quot;ekit_has_onepagescroll_dot&quot;:&quot;yes&quot;}\">\n\t\t\t\t\t\t<div class=\"elementor-container elementor-column-gap-default\">\n\t\t\t\t\t<div class=\"elementor-column elementor-col-50 elementor-inner-column elementor-element elementor-element-fa8e8ae\" data-id=\"fa8e8ae\" data-element_type=\"column\" data-settings=\"{&quot;background_background&quot;:&quot;classic&quot;}\">\n\t\t\t<div class=\"elementor-widget-wrap elementor-element-populated\">\n\t\t\t\t\t\t<div class=\"elementor-element elementor-element-231bdc2 dce_masking-none elementor-widget elementor-widget-image\" data-id=\"231bdc2\" data-element_type=\"widget\" data-settings=\"{&quot;ekit_we_effect_on&quot;:&quot;none&quot;}\" data-widget_type=\"image.default\">\n\t\t\t\t\t\t\t\t\t\t\t\t\t\t\t<img loading=\"lazy\" decoding=\"async\" width=\"768\" height=\"1024\" src=\"https:\/\/ala-wda.org\/wp-content\/uploads\/2026\/01\/IMG_2205-768x1024.jpeg\" class=\"attachment-large size-large wp-image-2689\" alt=\"\" srcset=\"https:\/\/ala-wda.org\/wp-content\/uploads\/2026\/01\/IMG_2205-768x1024.jpeg 768w, https:\/\/ala-wda.org\/wp-content\/uploads\/2026\/01\/IMG_2205-225x300.jpeg 225w, https:\/\/ala-wda.org\/wp-content\/uploads\/2026\/01\/IMG_2205-1152x1536.jpeg 1152w, https:\/\/ala-wda.org\/wp-content\/uploads\/2026\/01\/IMG_2205-1536x2048.jpeg 1536w, https:\/\/ala-wda.org\/wp-content\/uploads\/2026\/01\/IMG_2205-scaled.jpeg 1920w\" sizes=\"(max-width: 768px) 100vw, 768px\" \/>\t\t\t\t\t\t\t\t\t\t\t\t\t\t\t<\/div>\n\t\t\t\t\t<\/div>\n\t\t<\/div>\n\t\t\t\t<div class=\"elementor-column elementor-col-50 elementor-inner-column elementor-element elementor-element-28ceb28\" data-id=\"28ceb28\" data-element_type=\"column\" data-settings=\"{&quot;background_background&quot;:&quot;classic&quot;}\">\n\t\t\t<div class=\"elementor-widget-wrap elementor-element-populated\">\n\t\t\t\t\t\t<div class=\"elementor-element elementor-element-40a5959 dce_masking-none elementor-widget elementor-widget-image\" data-id=\"40a5959\" data-element_type=\"widget\" data-settings=\"{&quot;ekit_we_effect_on&quot;:&quot;none&quot;}\" data-widget_type=\"image.default\">\n\t\t\t\t\t\t\t\t\t\t\t\t\t\t\t<img loading=\"lazy\" decoding=\"async\" width=\"256\" height=\"256\" src=\"https:\/\/ala-wda.org\/wp-content\/uploads\/2026\/01\/biography.png\" class=\"attachment-full size-full wp-image-1419\" alt=\"\" srcset=\"https:\/\/ala-wda.org\/wp-content\/uploads\/2026\/01\/biography.png 256w, https:\/\/ala-wda.org\/wp-content\/uploads\/2026\/01\/biography-150x150.png 150w\" sizes=\"(max-width: 256px) 100vw, 256px\" \/>\t\t\t\t\t\t\t\t\t\t\t\t\t\t\t<\/div>\n\t\t\t\t<div class=\"elementor-element elementor-element-d25b937 elementor-widget elementor-widget-heading\" data-id=\"d25b937\" data-element_type=\"widget\" data-settings=\"{&quot;ekit_we_effect_on&quot;:&quot;none&quot;}\" data-widget_type=\"heading.default\">\n\t\t\t\t\t<h2 class=\"elementor-heading-title elementor-size-default\">Notre histoire<\/h2>\t\t\t\t<\/div>\n\t\t\t\t<div class=\"elementor-element elementor-element-e5548ce elementor-widget elementor-widget-text-editor\" data-id=\"e5548ce\" data-element_type=\"widget\" data-settings=\"{&quot;ekit_we_effect_on&quot;:&quot;none&quot;}\" data-widget_type=\"text-editor.default\">\n\t\t\t\t\t\t\t\t\t<p>L\u2019Organisation ALAWDA est n\u00e9e d\u2019une conviction simple mais profonde, chaque \u00eatre humain m\u00e9rite la dignit\u00e9, la protection et la possibilit\u00e9 de construire un avenir meilleur. Apr\u00e8s avoir \u00e9t\u00e9 t\u00e9moin de la souffrance de familles vuln\u00e9rables au Soudan et au Tchad, d\u2019enfants priv\u00e9s d\u2019acc\u00e8s \u00e0 l\u2019\u00e9ducation, de m\u00e8res sans soins de sant\u00e9 et de familles d\u00e9plac\u00e9es sans soutien de base, j\u2019ai ressenti une responsabilit\u00e9 personnelle d\u2019agir.<\/p><p>\u00a0<\/p><p>J\u2019ai fond\u00e9 l\u2019Organisation ALAWDA seul, avec des moyens limit\u00e9s, mais avec la ferme conviction que la compassion, la solidarit\u00e9 et l\u2019engagement peuvent changer des vies. Ce qui a commenc\u00e9 comme une initiative individuelle est devenu une organisation structur\u00e9e, soutenue par des b\u00e9n\u00e9voles, des membres des communaut\u00e9s locales et des partenaires partageant la m\u00eame vision.<\/p><p>\u00a0<\/p><p>Notre mission est claire : servir, prot\u00e9ger et autonomiser.<\/p><p>\u00a0<\/p><p>\u00c0 travers nos programmes dans les domaines de l\u2019\u00e9ducation, de la sant\u00e9 et de l\u2019assistance humanitaire, nous \u0153uvrons chaque jour pour soutenir ceux qui en ont le plus besoin et pour redonner espoir l\u00e0 o\u00f9 il a \u00e9t\u00e9 perdu.<\/p><p>\u00a0<\/p><p>Je crois profond\u00e9ment en la force de la collaboration. Aucune organisation ne peut r\u00e9ussir seule. Notre impact devient v\u00e9ritablement significatif lorsque nous travaillons main dans la main avec les communaut\u00e9s, les autorit\u00e9s et des partenaires engag\u00e9s qui nous font confiance et avancent \u00e0 nos c\u00f4t\u00e9s.<\/p><p>\u00a0<\/p><p>\u00c0 toutes celles et ceux qui soutiennent l\u2019Organisation ALAWDA, merci. Votre solidarit\u00e9 nous inspire, nous renforce et nous permet de poursuivre ce chemin avec d\u00e9termination.<\/p><p>\u00a0<\/p><p>Ensemble, nous pouvons b\u00e2tir un avenir o\u00f9 chaque enfant apprend, chaque famille est en s\u00e9curit\u00e9 et chaque personne est trait\u00e9e avec dignit\u00e9.<\/p><p>\u00a0<\/p><p>Avec respect et gratitude,<\/p><p><strong>\u00a0<\/strong><\/p><p><strong>Abdelazem Altom Jalba<\/strong><\/p><p><strong>\u00a0<\/strong><\/p><p>Fondateur, ALAWDA Organisation<\/p>\t\t\t\t\t\t\t\t<\/div>\n\t\t\t\t\t<\/div>\n\t\t<\/div>\n\t\t\t\t\t<\/div>\n\t\t<\/section>\n\t\t\t\t\t<\/div>\n\t\t<\/div>\n\t\t\t\t\t<\/div>\n\t\t<\/section>\n\t\t\t\t<\/div>\n\t\t","protected":false},"excerpt":{"rendered":"<p>Accueil &gt; \u00c0 propos de nous Alawda Organisation L\u2019organisation vise \u00e0 mener des op\u00e9rations humanitaires \u00e0 l\u2019\u00e9chelle internationale, surtout au Soudan et au Tchad, afin de soutenir les populations vuln\u00e9rables et celles touch\u00e9es par les crises humanitaires, les catastrophes naturelles, les conflits ou la pauvret\u00e9. Elle s\u2019efforce de garantir l\u2019acc\u00e8s aux besoins essentiels, notamment la [&hellip;]<\/p>\n","protected":false},"author":1,"featured_media":0,"parent":0,"menu_order":0,"comment_status":"closed","ping_status":"closed","template":"","meta":{"_acf_changed":false,"footnotes":""},"class_list":["post-2143","page","type-page","status-publish","hentry"],"acf":[],"_links":{"self":[{"href":"https:\/\/ala-wda.org\/fr\/wp-json\/wp\/v2\/pages\/2143","targetHints":{"allow":["GET"]}}],"collection":[{"href":"https:\/\/ala-wda.org\/fr\/wp-json\/wp\/v2\/pages"}],"about":[{"href":"https:\/\/ala-wda.org\/fr\/wp-json\/wp\/v2\/types\/page"}],"author":[{"embeddable":true,"href":"https:\/\/ala-wda.org\/fr\/wp-json\/wp\/v2\/users\/1"}],"replies":[{"embeddable":true,"href":"https:\/\/ala-wda.org\/fr\/wp-json\/wp\/v2\/comments?post=2143"}],"version-history":[{"count":31,"href":"https:\/\/ala-wda.org\/fr\/wp-json\/wp\/v2\/pages\/2143\/revisions"}],"predecessor-version":[{"id":2706,"href":"https:\/\/ala-wda.org\/fr\/wp-json\/wp\/v2\/pages\/2143\/revisions\/2706"}],"wp:attachment":[{"href":"https:\/\/ala-wda.org\/fr\/wp-json\/wp\/v2\/media?parent=2143"}],"curies":[{"name":"wp","href":"https:\/\/api.w.org\/{rel}","templated":true}]}}